{"id":263217,"date":"2026-04-07T07:59:26","date_gmt":"2026-04-07T11:59:26","guid":{"rendered":"https:\/\/novexco.com\/?page_id=263217"},"modified":"2026-04-10T13:07:14","modified_gmt":"2026-04-10T17:07:14","slug":"localisateur-de-concessionnaires","status":"publish","type":"page","link":"https:\/\/novexco.com\/fr\/localisateur-de-concessionnaires\/","title":{"rendered":"LOCALISATEUR DE CONCESSIONNAIRES"},"content":{"rendered":"<p>[et_pb_section fb_built=\u00a0\u00bb1&Prime; _builder_version=\u00a0\u00bb4.27.6&Prime; _module_preset=\u00a0\u00bbdefault\u00a0\u00bb custom_padding=\u00a0\u00bb0px||0px||false|false\u00a0\u00bb global_colors_info=\u00a0\u00bb{}\u00a0\u00bb][et_pb_row _builder_version=\u00a0\u00bb4.27.3&Prime; _module_preset=\u00a0\u00bbdefault\u00a0\u00bb custom_margin=\u00a0\u00bb||||false|false\u00a0\u00bb custom_padding=\u00a0\u00bb0px||0px||true|false\u00a0\u00bb global_colors_info=\u00a0\u00bb{}\u00a0\u00bb][et_pb_column type=\u00a0\u00bb4_4&Prime; _builder_version=\u00a0\u00bb4.27.3&Prime; _module_preset=\u00a0\u00bbdefault\u00a0\u00bb global_colors_info=\u00a0\u00bb{}\u00a0\u00bb][et_pb_heading title=\u00a0\u00bbPr\u00e9sence nationale, ancrage local.\u00a0\u00bb _builder_version=\u00a0\u00bb4.27.6&Prime; _module_preset=\u00a0\u00bbdefault\u00a0\u00bb title_font=\u00a0\u00bbRoboto|700|||||||\u00a0\u00bb title_text_align=\u00a0\u00bbcenter\u00a0\u00bb title_text_color=\u00a0\u00bb#1c1d1b\u00a0\u00bb title_font_size=\u00a0\u00bb50px\u00a0\u00bb custom_padding=\u00a0\u00bb40px||||false|false\u00a0\u00bb hover_enabled=\u00a0\u00bb0&Prime; global_colors_info=\u00a0\u00bb{}\u00a0\u00bb sticky_enabled=\u00a0\u00bb0&Prime;][\/et_pb_heading][et_pb_text _builder_version=\u00a0\u00bb4.27.6&Prime; _module_preset=\u00a0\u00bbdefault\u00a0\u00bb text_font=\u00a0\u00bbRoboto|300|||||||\u00a0\u00bb text_font_size=\u00a0\u00bb16px\u00a0\u00bb text_line_height=\u00a0\u00bb1.8em\u00a0\u00bb global_colors_info=\u00a0\u00bb{}\u00a0\u00bb]<\/p>\n<p>Nous sommes une entreprise \u00e0 propri\u00e9t\u00e9 et op\u00e9r\u00e9 \u00e0 100 % par des Canadiens. Nous travaillons dans les communaut\u00e9s o\u00f9 nous vivons. Nous croyons que chaque entreprise canadienne m\u00e9rite un partenaire en fournitures de bureau qui comprend ses besoins et sa communaut\u00e9 !<\/p>\n<p>[\/et_pb_text][\/et_pb_column][\/et_pb_row][et_pb_row _builder_version=\u00a0\u00bb4.27.4&Prime; _module_preset=\u00a0\u00bbdefault\u00a0\u00bb global_colors_info=\u00a0\u00bb{}\u00a0\u00bb][et_pb_column type=\u00a0\u00bb4_4&Prime; _builder_version=\u00a0\u00bb4.27.4&Prime; _module_preset=\u00a0\u00bbdefault\u00a0\u00bb global_colors_info=\u00a0\u00bb{}\u00a0\u00bb][et_pb_code _builder_version=\u00a0\u00bb4.27.6&Prime; _module_preset=\u00a0\u00bbdefault\u00a0\u00bb custom_padding=\u00a0\u00bb||10px||false|false\u00a0\u00bb global_colors_info=\u00a0\u00bb{}\u00a0\u00bb]<\/p>\n<div id='storerocket-widget' style='width:100%;' data-storerocket-env='p' data-storerocket-id='xk4YPDmpXa'><pee style='text-align:center;font-size:13px;padding:10px;'>Store locator is loading from StoreRocket <a target='_blank' href='https:\/\/storerocket.io' style='font-size:13px;'>Store Locator App<\/a>..<\/pee><\/div>\n<p><script>(function(){var a=document.createElement('script');a.type='text\/javascript';a.async=!0;a.src='https:\/\/cdn.storerocket.io\/js\/widget-mb.js';var b=document.getElementsByTagName('script')[0];b.parentNode.insertBefore(a,b);}());<\/script>[\/et_pb_code][et_pb_heading title=\u00a0\u00bbBesoin d\u2019aide pour trouver un marchand pr\u00e8s de chez vous ?\u00a0\u00bb _builder_version=\u00a0\u00bb4.27.6&Prime; _module_preset=\u00a0\u00bbdefault\u00a0\u00bb title_font=\u00a0\u00bbRoboto|700|||||||\u00a0\u00bb title_text_align=\u00a0\u00bbcenter\u00a0\u00bb title_text_color=\u00a0\u00bb#1c1d1b\u00a0\u00bb title_font_size=\u00a0\u00bb50px\u00a0\u00bb custom_padding=\u00a0\u00bb40px||||false|false\u00a0\u00bb global_colors_info=\u00a0\u00bb{}\u00a0\u00bb][\/et_pb_heading][et_pb_text _builder_version=\u00a0\u00bb4.27.6&Prime; _module_preset=\u00a0\u00bbdefault\u00a0\u00bb text_font=\u00a0\u00bbRoboto|300|||||||\u00a0\u00bb text_font_size=\u00a0\u00bb16px\u00a0\u00bb text_line_height=\u00a0\u00bb1.8em\u00a0\u00bb text_orientation=\u00a0\u00bbcenter\u00a0\u00bb custom_padding=\u00a0\u00bb10px||||false|false\u00a0\u00bb global_colors_info=\u00a0\u00bb{}\u00a0\u00bb]<\/p>\n<p>Indiquez-nous o\u00f9 vous \u00eates situ\u00e9 et nous vous indiquerons le marchand le plus proche afin de mieux vous servir.<\/p>\n<p>[\/et_pb_text][wpforms_selector form_id=\u00a0\u00bb263257&Prime; _builder_version=\u00a0\u00bb4.27.6&Prime; _module_preset=\u00a0\u00bbdefault\u00a0\u00bb max_width=\u00a0\u00bb70%\u00a0\u00bb max_width_tablet=\u00a0\u00bb70%\u00a0\u00bb max_width_phone=\u00a0\u00bb90%\u00a0\u00bb max_width_last_edited=\u00a0\u00bbon|phone\u00a0\u00bb module_alignment=\u00a0\u00bbcenter\u00a0\u00bb global_colors_info=\u00a0\u00bb{}\u00a0\u00bb][\/wpforms_selector][\/et_pb_column][\/et_pb_row][\/et_pb_section]<\/p>\n","protected":false},"excerpt":{"rendered":"<p>Nous sommes une entreprise \u00e0 propri\u00e9t\u00e9 et op\u00e9r\u00e9 \u00e0 100 % par des Canadiens. Nous travaillons dans les communaut\u00e9s o\u00f9 nous vivons. Nous croyons que chaque entreprise canadienne m\u00e9rite un partenaire en fournitures de bureau qui comprend ses besoins et sa communaut\u00e9 !Indiquez-nous o\u00f9 vous \u00eates situ\u00e9 et nous vous indiquerons le marchand le plus [&hellip;]<\/p>\n","protected":false},"author":2,"featured_media":0,"parent":0,"menu_order":0,"comment_status":"closed","ping_status":"closed","template":"","meta":{"_et_pb_use_builder":"on","_et_pb_old_content":"","_et_gb_content_width":"","footnotes":""},"class_list":["post-263217","page","type-page","status-publish","hentry"],"yoast_head":"<!-- This site is optimized with the Yoast SEO plugin v27.3 - https:\/\/yoast.com\/product\/yoast-seo-wordpress\/ -->\r\n<title>LOCALISATEUR DE CONCESSIONNAIRES | Novexco.com<\/title>\r\n<meta name=\"description\" content=\"Novexco repr\u00e9sente le plus grand distributeur national de fournitures et services pour le bureau de propri\u00e9t\u00e9 canadienne.\" \/>\r\n<meta name=\"robots\" content=\"index, follow, max-snippet:-1, max-image-preview:large, max-video-preview:-1\" \/>\r\n<link rel=\"canonical\" href=\"https:\/\/novexco.com\/fr\/localisateur-de-concessionnaires\/\" \/>\r\n<meta property=\"og:locale\" content=\"fr_FR\" \/>\r\n<meta property=\"og:type\" content=\"article\" \/>\r\n<meta property=\"og:title\" content=\"LOCALISATEUR DE CONCESSIONNAIRES | Novexco.com\" \/>\r\n<meta property=\"og:description\" content=\"Novexco repr\u00e9sente le plus grand distributeur national de fournitures et services pour le bureau de propri\u00e9t\u00e9 canadienne.\" \/>\r\n<meta property=\"og:url\" content=\"https:\/\/novexco.com\/fr\/localisateur-de-concessionnaires\/\" \/>\r\n<meta property=\"og:site_name\" content=\"Novexco.com\" \/>\r\n<meta property=\"article:modified_time\" content=\"2026-04-10T17:07:14+00:00\" \/>\r\n<meta property=\"og:image\" content=\"https:\/\/novexco.com\/wp-content\/uploads\/2025\/02\/Home-Hero-Image.jpg\" \/>\r\n\t<meta property=\"og:image:width\" content=\"1880\" \/>\r\n\t<meta property=\"og:image:height\" content=\"860\" \/>\r\n\t<meta property=\"og:image:type\" content=\"image\/jpeg\" \/>\r\n<meta name=\"twitter:card\" content=\"summary_large_image\" \/>\r\n<meta name=\"twitter:label1\" content=\"Dur\u00e9e de lecture estim\u00e9e\" \/>\n\t<meta name=\"twitter:data1\" content=\"2 minutes\" \/>\r\n<script type=\"application\/ld+json\" class=\"yoast-schema-graph\">{\"@context\":\"https:\\\/\\\/schema.org\",\"@graph\":[{\"@type\":\"WebPage\",\"@id\":\"https:\\\/\\\/novexco.com\\\/fr\\\/localisateur-de-concessionnaires\\\/\",\"url\":\"https:\\\/\\\/novexco.com\\\/fr\\\/localisateur-de-concessionnaires\\\/\",\"name\":\"LOCALISATEUR DE CONCESSIONNAIRES | Novexco.com\",\"isPartOf\":{\"@id\":\"https:\\\/\\\/novexco.com\\\/fr\\\/#website\"},\"datePublished\":\"2026-04-07T11:59:26+00:00\",\"dateModified\":\"2026-04-10T17:07:14+00:00\",\"description\":\"Novexco repr\u00e9sente le plus grand distributeur national de fournitures et services pour le bureau de propri\u00e9t\u00e9 canadienne.\",\"breadcrumb\":{\"@id\":\"https:\\\/\\\/novexco.com\\\/fr\\\/localisateur-de-concessionnaires\\\/#breadcrumb\"},\"inLanguage\":\"fr-FR\",\"potentialAction\":[{\"@type\":\"ReadAction\",\"target\":[\"https:\\\/\\\/novexco.com\\\/fr\\\/localisateur-de-concessionnaires\\\/\"]}]},{\"@type\":\"BreadcrumbList\",\"@id\":\"https:\\\/\\\/novexco.com\\\/fr\\\/localisateur-de-concessionnaires\\\/#breadcrumb\",\"itemListElement\":[{\"@type\":\"ListItem\",\"position\":1,\"name\":\"Accueil\",\"item\":\"https:\\\/\\\/novexco.com\\\/fr\\\/\"},{\"@type\":\"ListItem\",\"position\":2,\"name\":\"LOCALISATEUR DE CONCESSIONNAIRES\"}]},{\"@type\":\"WebSite\",\"@id\":\"https:\\\/\\\/novexco.com\\\/fr\\\/#website\",\"url\":\"https:\\\/\\\/novexco.com\\\/fr\\\/\",\"name\":\"Novexco.com\",\"description\":\"Largest Canadian-owned national distributor of office supplies and services\",\"publisher\":{\"@id\":\"https:\\\/\\\/novexco.com\\\/fr\\\/#organization\"},\"potentialAction\":[{\"@type\":\"SearchAction\",\"target\":{\"@type\":\"EntryPoint\",\"urlTemplate\":\"https:\\\/\\\/novexco.com\\\/fr\\\/?s={search_term_string}\"},\"query-input\":{\"@type\":\"PropertyValueSpecification\",\"valueRequired\":true,\"valueName\":\"search_term_string\"}}],\"inLanguage\":\"fr-FR\"},{\"@type\":\"Organization\",\"@id\":\"https:\\\/\\\/novexco.com\\\/fr\\\/#organization\",\"name\":\"Novexco\",\"url\":\"https:\\\/\\\/novexco.com\\\/fr\\\/\",\"logo\":{\"@type\":\"ImageObject\",\"inLanguage\":\"fr-FR\",\"@id\":\"https:\\\/\\\/novexco.com\\\/fr\\\/#\\\/schema\\\/logo\\\/image\\\/\",\"url\":\"https:\\\/\\\/novexco-stg.thinkenabled.net\\\/wp-content\\\/uploads\\\/2024\\\/12\\\/logo-novexco.png\",\"contentUrl\":\"https:\\\/\\\/novexco-stg.thinkenabled.net\\\/wp-content\\\/uploads\\\/2024\\\/12\\\/logo-novexco.png\",\"width\":582,\"height\":110,\"caption\":\"Novexco\"},\"image\":{\"@id\":\"https:\\\/\\\/novexco.com\\\/fr\\\/#\\\/schema\\\/logo\\\/image\\\/\"}}]}<\/script>\r\n<!-- \/ Yoast SEO plugin. -->","yoast_head_json":{"title":"LOCALISATEUR DE CONCESSIONNAIRES | Novexco.com","description":"Novexco repr\u00e9sente le plus grand distributeur national de fournitures et services pour le bureau de propri\u00e9t\u00e9 canadienne.","robots":{"index":"index","follow":"follow","max-snippet":"max-snippet:-1","max-image-preview":"max-image-preview:large","max-video-preview":"max-video-preview:-1"},"canonical":"https:\/\/novexco.com\/fr\/localisateur-de-concessionnaires\/","og_locale":"fr_FR","og_type":"article","og_title":"LOCALISATEUR DE CONCESSIONNAIRES | Novexco.com","og_description":"Novexco repr\u00e9sente le plus grand distributeur national de fournitures et services pour le bureau de propri\u00e9t\u00e9 canadienne.","og_url":"https:\/\/novexco.com\/fr\/localisateur-de-concessionnaires\/","og_site_name":"Novexco.com","article_modified_time":"2026-04-10T17:07:14+00:00","og_image":[{"width":1880,"height":860,"url":"https:\/\/novexco.com\/wp-content\/uploads\/2025\/02\/Home-Hero-Image.jpg","type":"image\/jpeg"}],"twitter_card":"summary_large_image","twitter_misc":{"Dur\u00e9e de lecture estim\u00e9e":"2 minutes"},"schema":{"@context":"https:\/\/schema.org","@graph":[{"@type":"WebPage","@id":"https:\/\/novexco.com\/fr\/localisateur-de-concessionnaires\/","url":"https:\/\/novexco.com\/fr\/localisateur-de-concessionnaires\/","name":"LOCALISATEUR DE CONCESSIONNAIRES | Novexco.com","isPartOf":{"@id":"https:\/\/novexco.com\/fr\/#website"},"datePublished":"2026-04-07T11:59:26+00:00","dateModified":"2026-04-10T17:07:14+00:00","description":"Novexco repr\u00e9sente le plus grand distributeur national de fournitures et services pour le bureau de propri\u00e9t\u00e9 canadienne.","breadcrumb":{"@id":"https:\/\/novexco.com\/fr\/localisateur-de-concessionnaires\/#breadcrumb"},"inLanguage":"fr-FR","potentialAction":[{"@type":"ReadAction","target":["https:\/\/novexco.com\/fr\/localisateur-de-concessionnaires\/"]}]},{"@type":"BreadcrumbList","@id":"https:\/\/novexco.com\/fr\/localisateur-de-concessionnaires\/#breadcrumb","itemListElement":[{"@type":"ListItem","position":1,"name":"Accueil","item":"https:\/\/novexco.com\/fr\/"},{"@type":"ListItem","position":2,"name":"LOCALISATEUR DE CONCESSIONNAIRES"}]},{"@type":"WebSite","@id":"https:\/\/novexco.com\/fr\/#website","url":"https:\/\/novexco.com\/fr\/","name":"Novexco.com","description":"Largest Canadian-owned national distributor of office supplies and services","publisher":{"@id":"https:\/\/novexco.com\/fr\/#organization"},"potentialAction":[{"@type":"SearchAction","target":{"@type":"EntryPoint","urlTemplate":"https:\/\/novexco.com\/fr\/?s={search_term_string}"},"query-input":{"@type":"PropertyValueSpecification","valueRequired":true,"valueName":"search_term_string"}}],"inLanguage":"fr-FR"},{"@type":"Organization","@id":"https:\/\/novexco.com\/fr\/#organization","name":"Novexco","url":"https:\/\/novexco.com\/fr\/","logo":{"@type":"ImageObject","inLanguage":"fr-FR","@id":"https:\/\/novexco.com\/fr\/#\/schema\/logo\/image\/","url":"https:\/\/novexco-stg.thinkenabled.net\/wp-content\/uploads\/2024\/12\/logo-novexco.png","contentUrl":"https:\/\/novexco-stg.thinkenabled.net\/wp-content\/uploads\/2024\/12\/logo-novexco.png","width":582,"height":110,"caption":"Novexco"},"image":{"@id":"https:\/\/novexco.com\/fr\/#\/schema\/logo\/image\/"}}]}},"_links":{"self":[{"href":"https:\/\/novexco.com\/fr\/wp-json\/wp\/v2\/pages\/263217","targetHints":{"allow":["GET"]}}],"collection":[{"href":"https:\/\/novexco.com\/fr\/wp-json\/wp\/v2\/pages"}],"about":[{"href":"https:\/\/novexco.com\/fr\/wp-json\/wp\/v2\/types\/page"}],"author":[{"embeddable":true,"href":"https:\/\/novexco.com\/fr\/wp-json\/wp\/v2\/users\/2"}],"replies":[{"embeddable":true,"href":"https:\/\/novexco.com\/fr\/wp-json\/wp\/v2\/comments?post=263217"}],"version-history":[{"count":10,"href":"https:\/\/novexco.com\/fr\/wp-json\/wp\/v2\/pages\/263217\/revisions"}],"predecessor-version":[{"id":263321,"href":"https:\/\/novexco.com\/fr\/wp-json\/wp\/v2\/pages\/263217\/revisions\/263321"}],"wp:attachment":[{"href":"https:\/\/novexco.com\/fr\/wp-json\/wp\/v2\/media?parent=263217"}],"curies":[{"name":"wp","href":"https:\/\/api.w.org\/{rel}","templated":true}]}}