{"id":90,"date":"2024-11-25T10:28:22","date_gmt":"2024-11-25T15:28:22","guid":{"rendered":"https:\/\/novexco-stg.thinkenabled.net\/?page_id=90"},"modified":"2025-02-18T13:36:13","modified_gmt":"2025-02-18T18:36:13","slug":"home","status":"publish","type":"page","link":"https:\/\/novexco.com\/en\/","title":{"rendered":"Home"},"content":{"rendered":"<p>[et_pb_section fb_built=&#8221;1&#8243; custom_padding_last_edited=&#8221;off|desktop&#8221; admin_label=&#8221;Flexile Hero 98&#8243; _builder_version=&#8221;4.27.3&#8243; background_enable_color=&#8221;off&#8221; background_enable_image=&#8221;off&#8221; parallax=&#8221;on&#8221; custom_margin=&#8221;||||false|false&#8221; custom_margin_tablet=&#8221;||160px||false|false&#8221; custom_margin_phone=&#8221;||100px||false|false&#8221; custom_margin_last_edited=&#8221;on|phone&#8221; custom_padding=&#8221;0px||0px||false|false&#8221; custom_padding_tablet=&#8221;50px||50px||true|false&#8221; custom_padding_phone=&#8221;30px||30px||true|false&#8221; locked=&#8221;off&#8221; global_colors_info=&#8221;{}&#8221;][et_pb_row _builder_version=&#8221;4.27.3&#8243; _module_preset=&#8221;default&#8221; custom_margin=&#8221;||||false|false&#8221; custom_padding=&#8221;0px||0px||false|false&#8221; global_colors_info=&#8221;{}&#8221;][et_pb_column type=&#8221;4_4&#8243; _builder_version=&#8221;4.27.3&#8243; _module_preset=&#8221;default&#8221; global_colors_info=&#8221;{}&#8221;][et_pb_image src=&#8221;https:\/\/novexco-stg.thinkenabled.net\/wp-content\/uploads\/2025\/02\/Home-Hero-Image.jpg&#8221; alt=&#8221;Novexco-Warehouse&#8221; title_text=&#8221;Home Hero Image&#8221; _builder_version=&#8221;4.27.3&#8243; _module_preset=&#8221;default&#8221; custom_padding=&#8221;||0px||false|false&#8221; global_colors_info=&#8221;{}&#8221;][\/et_pb_image][\/et_pb_column][\/et_pb_row][\/et_pb_section][et_pb_section fb_built=&#8221;1&#8243; admin_label=&#8221;Services&#8221; _builder_version=&#8221;4.27.3&#8243; _module_preset=&#8221;default&#8221; custom_padding=&#8221;||||true|false&#8221; global_colors_info=&#8221;{}&#8221;][et_pb_row use_custom_gutter=&#8221;on&#8221; gutter_width=&#8221;2&#8243; _builder_version=&#8221;4.27.3&#8243; _module_preset=&#8221;default&#8221; custom_margin=&#8221;|auto||auto|false|false&#8221; custom_padding=&#8221;0px||0px||true|false&#8221; global_colors_info=&#8221;{}&#8221;][et_pb_column type=&#8221;4_4&#8243; _builder_version=&#8221;4.16&#8243; _module_preset=&#8221;default&#8221; global_colors_info=&#8221;{}&#8221;][et_pb_text _builder_version=&#8221;4.27.3&#8243; _module_preset=&#8221;003e9429-8e11-4d9e-968b-8881092bbf81&#8243; text_font=&#8221;||||||||&#8221; text_text_color=&#8221;#9b9b9b&#8221; header_text_align=&#8221;center&#8221; header_text_color=&#8221;#9b9b9b&#8221; header_2_font=&#8221;Roboto|300|||||||&#8221; header_2_text_align=&#8221;center&#8221; header_2_text_color=&#8221;#9b9b9b&#8221; header_2_font_size=&#8221;32px&#8221; header_2_line_height=&#8221;1.5em&#8221; text_orientation=&#8221;center&#8221; custom_margin=&#8221;||||false|false&#8221; custom_padding=&#8221;|8vw||8vw|false|true&#8221; header_2_font_size_tablet=&#8221;32px&#8221; header_2_font_size_phone=&#8221;20px&#8221; header_2_font_size_last_edited=&#8221;on|desktop&#8221; header_2_line_height_tablet=&#8221;1.2em&#8221; header_2_line_height_phone=&#8221;&#8221; header_2_line_height_last_edited=&#8221;on|phone&#8221; border_style_all=&#8221;none&#8221; locked=&#8221;off&#8221; global_colors_info=&#8221;{}&#8221;]<\/p>\n<h2><span>Novexco is the largest Canadian-owned national distributor of office supplies and services.<\/span><\/h2>\n<p>[\/et_pb_text][\/et_pb_column][\/et_pb_row][\/et_pb_section][et_pb_section fb_built=&#8221;1&#8243; admin_label=&#8221;Services&#8221; _builder_version=&#8221;4.27.3&#8243; _module_preset=&#8221;default&#8221; min_height=&#8221;500px&#8221; custom_padding=&#8221;0px||0px||true|false&#8221; global_colors_info=&#8221;{}&#8221;][et_pb_row column_structure=&#8221;1_2,1_2&#8243; use_custom_gutter=&#8221;on&#8221; gutter_width=&#8221;1&#8243; _builder_version=&#8221;4.27.3&#8243; _module_preset=&#8221;default&#8221; background_color=&#8221;RGBA(255,255,255,0)&#8221; custom_margin=&#8221;|auto||auto|false|false&#8221; custom_padding=&#8221;0px||0px||false|false&#8221; global_colors_info=&#8221;{}&#8221;][et_pb_column type=&#8221;1_2&#8243; _builder_version=&#8221;4.27.3&#8243; _module_preset=&#8221;default&#8221; global_colors_info=&#8221;{}&#8221;][et_pb_image src=&#8221;https:\/\/novexco-stg.thinkenabled.net\/wp-content\/uploads\/2025\/01\/Mission-Image.jpg&#8221; alt=&#8221;Mission&#8221; title_text=&#8221;Mission&#8221; _builder_version=&#8221;4.27.3&#8243; _module_preset=&#8221;default&#8221; custom_css_free_form=&#8221;.et_pb_blurb_0 {||  align-content: center;||}&#8221; global_colors_info=&#8221;{}&#8221;][\/et_pb_image][\/et_pb_column][et_pb_column type=&#8221;1_2&#8243; _builder_version=&#8221;4.27.3&#8243; _module_preset=&#8221;default&#8221; background_enable_color=&#8221;off&#8221; global_colors_info=&#8221;{}&#8221;][et_pb_blurb title=&#8221;Mission&#8221; _builder_version=&#8221;4.27.3&#8243; _module_preset=&#8221;default&#8221; header_level=&#8221;h2&#8243; header_font=&#8221;Roboto||||||||&#8221; header_text_color=&#8221;#b6b6b6&#8243; header_font_size=&#8221;22px&#8221; body_font=&#8221;Roboto|300|||||||&#8221; body_text_color=&#8221;#b6b6b6&#8243; body_font_size=&#8221;18px&#8221; body_line_height=&#8221;1.5em&#8221; background_color=&#8221;#4a4a4a&#8221; min_height=&#8221;570px&#8221; custom_margin=&#8221;0px|auto|0px|auto|false|true&#8221; custom_padding=&#8221;|80px||80px|false|false&#8221; custom_css_free_form=&#8221;.et_pb_blurb_0{||align-content:center  ||}||.et_pb_blurb_0 h2 {||  margin-bottom:30px;||}&#8221; global_colors_info=&#8221;{}&#8221;]<\/p>\n<p>Provide innovative business solutions for the workplace, by focusing on the satisfaction and loyalty of our various client groups.<\/p>\n<p>[\/et_pb_blurb][\/et_pb_column][\/et_pb_row][\/et_pb_section][et_pb_section fb_built=&#8221;1&#8243; admin_label=&#8221;Services&#8221; _builder_version=&#8221;4.27.3&#8243; _module_preset=&#8221;default&#8221; custom_padding=&#8221;||||true|false&#8221; global_colors_info=&#8221;{}&#8221;][et_pb_row use_custom_gutter=&#8221;on&#8221; gutter_width=&#8221;2&#8243; _builder_version=&#8221;4.27.3&#8243; _module_preset=&#8221;default&#8221; custom_margin=&#8221;||||false|false&#8221; custom_padding=&#8221;0px||||false|false&#8221; global_colors_info=&#8221;{}&#8221;][et_pb_column type=&#8221;4_4&#8243; _builder_version=&#8221;4.16&#8243; _module_preset=&#8221;default&#8221; global_colors_info=&#8221;{}&#8221;][et_pb_text _builder_version=&#8221;4.27.3&#8243; _module_preset=&#8221;003e9429-8e11-4d9e-968b-8881092bbf81&#8243; text_font=&#8221;||||||||&#8221; header_font=&#8221;Roboto||||||||&#8221; header_text_color=&#8221;#1c1d1b&#8221; header_2_font=&#8221;Roboto|600|||||||&#8221; header_2_text_color=&#8221;#1c1d1b&#8221; header_2_font_size=&#8221;50px&#8221; header_2_line_height=&#8221;1.1em&#8221; custom_margin=&#8221;||||false|false&#8221; custom_padding=&#8221;||||false|false&#8221; header_2_font_size_tablet=&#8221;32px&#8221; header_2_font_size_phone=&#8221;20px&#8221; header_2_font_size_last_edited=&#8221;on|desktop&#8221; header_2_line_height_tablet=&#8221;1.2em&#8221; header_2_line_height_phone=&#8221;&#8221; header_2_line_height_last_edited=&#8221;on|phone&#8221; border_style_all=&#8221;none&#8221; locked=&#8221;off&#8221; global_colors_info=&#8221;{}&#8221;]<\/p>\n<h2 style=\"text-align: center;\">DISCOVER NOVEXCO<\/h2>\n<p>[\/et_pb_text][\/et_pb_column][\/et_pb_row][et_pb_row column_structure=&#8221;1_4,1_4,1_4,1_4&#8243; use_custom_gutter=&#8221;on&#8221; gutter_width=&#8221;2&#8243; make_equal=&#8221;on&#8221; _builder_version=&#8221;4.27.3&#8243; _module_preset=&#8221;default&#8221; global_colors_info=&#8221;{}&#8221;][et_pb_column type=&#8221;1_4&#8243; _builder_version=&#8221;4.27.3&#8243; _module_preset=&#8221;default&#8221; global_colors_info=&#8221;{}&#8221;][et_pb_blurb title=&#8221;Clients&#8221; url_new_window=&#8221;on&#8221; image=&#8221;https:\/\/novexco-stg.thinkenabled.net\/wp-content\/uploads\/2025\/01\/clients-round-icon.png&#8221; alt=&#8221;clients-round-icon&#8221; _builder_version=&#8221;4.27.3&#8243; _module_preset=&#8221;4b92905e-9236-4a4d-b1eb-2bf004827169&#8243; header_font=&#8221;||||||||&#8221; header_text_align=&#8221;center&#8221; header_text_color=&#8221;#333333&#8243; header_font_size=&#8221;24px&#8221; link_option_url=&#8221;\/en\/about-us\/#Clients&#8221; hover_enabled=&#8221;0&#8243; locked=&#8221;off&#8221; global_colors_info=&#8221;{}&#8221; sticky_enabled=&#8221;0&#8243;][\/et_pb_blurb][\/et_pb_column][et_pb_column type=&#8221;1_4&#8243; _builder_version=&#8221;4.27.3&#8243; _module_preset=&#8221;default&#8221; global_colors_info=&#8221;{}&#8221;][et_pb_blurb title=&#8221;Products&#8221; image=&#8221;https:\/\/novexco-stg.thinkenabled.net\/wp-content\/uploads\/2025\/01\/products-round-icon.png&#8221; alt=&#8221;products-round-icon&#8221; _builder_version=&#8221;4.27.3&#8243; _module_preset=&#8221;4b92905e-9236-4a4d-b1eb-2bf004827169&#8243; header_font=&#8221;||||||||&#8221; header_text_align=&#8221;center&#8221; header_text_color=&#8221;#333333&#8243; header_font_size=&#8221;24px&#8221; link_option_url=&#8221;\/en\/about-us\/#Products&#8221; hover_enabled=&#8221;0&#8243; locked=&#8221;off&#8221; global_colors_info=&#8221;{}&#8221; sticky_enabled=&#8221;0&#8243;][\/et_pb_blurb][\/et_pb_column][et_pb_column type=&#8221;1_4&#8243; _builder_version=&#8221;4.27.3&#8243; _module_preset=&#8221;default&#8221; global_colors_info=&#8221;{}&#8221;][et_pb_blurb title=&#8221;Logistics&#8221; image=&#8221;https:\/\/novexco-stg.thinkenabled.net\/wp-content\/uploads\/2025\/01\/logistic-round-icon.png&#8221; alt=&#8221;logistic-round-icon&#8221; _builder_version=&#8221;4.27.3&#8243; _module_preset=&#8221;4b92905e-9236-4a4d-b1eb-2bf004827169&#8243; header_font=&#8221;||||||||&#8221; header_text_align=&#8221;center&#8221; header_text_color=&#8221;#333333&#8243; header_font_size=&#8221;24px&#8221; link_option_url=&#8221;\/en\/about-us\/#Logistics&#8221; hover_enabled=&#8221;0&#8243; locked=&#8221;off&#8221; global_colors_info=&#8221;{}&#8221; sticky_enabled=&#8221;0&#8243;][\/et_pb_blurb][\/et_pb_column][et_pb_column type=&#8221;1_4&#8243; _builder_version=&#8221;4.27.3&#8243; _module_preset=&#8221;default&#8221; global_colors_info=&#8221;{}&#8221;][et_pb_blurb title=&#8221;Online&#8221; image=&#8221;https:\/\/novexco-stg.thinkenabled.net\/wp-content\/uploads\/2025\/01\/online-round-icon.png&#8221; alt=&#8221;online-round-icon&#8221; module_id=&#8221;Online&#8221; _builder_version=&#8221;4.27.3&#8243; _module_preset=&#8221;4b92905e-9236-4a4d-b1eb-2bf004827169&#8243; header_font=&#8221;||||||||&#8221; header_text_align=&#8221;center&#8221; header_text_color=&#8221;#333333&#8243; header_font_size=&#8221;24px&#8221; link_option_url=&#8221;\/en\/about-us\/#Online&#8221; hover_enabled=&#8221;0&#8243; locked=&#8221;off&#8221; global_colors_info=&#8221;{}&#8221; sticky_enabled=&#8221;0&#8243;][\/et_pb_blurb][\/et_pb_column][\/et_pb_row][\/et_pb_section][et_pb_section fb_built=&#8221;1&#8243; admin_label=&#8221;Case Studies &#8221; _builder_version=&#8221;4.27.3&#8243; _module_preset=&#8221;default&#8221; background_enable_color=&#8221;off&#8221; custom_padding=&#8221;0px||||false|false&#8221; global_colors_info=&#8221;{}&#8221;][et_pb_row _builder_version=&#8221;4.27.3&#8243; _module_preset=&#8221;default&#8221; background_color=&#8221;#d8d8d8&#8243; custom_padding=&#8221;50px||||false|false&#8221; global_colors_info=&#8221;{}&#8221;][et_pb_column type=&#8221;4_4&#8243; _builder_version=&#8221;4.16&#8243; _module_preset=&#8221;default&#8221; global_colors_info=&#8221;{}&#8221;][et_pb_text _builder_version=&#8221;4.27.3&#8243; _module_preset=&#8221;003e9429-8e11-4d9e-968b-8881092bbf81&#8243; text_font=&#8221;||||||||&#8221; header_text_color=&#8221;#1c1d1b&#8221; header_2_font=&#8221;Roboto|600|||||||&#8221; header_2_text_color=&#8221;#1c1d1b&#8221; header_2_font_size=&#8221;50px&#8221; custom_margin=&#8221;|-36px|0px||false|false&#8221; custom_padding=&#8221;|24px||||&#8221; header_2_font_size_tablet=&#8221;32px&#8221; header_2_font_size_phone=&#8221;20px&#8221; header_2_font_size_last_edited=&#8221;on|desktop&#8221; header_2_line_height_tablet=&#8221;1.2em&#8221; header_2_line_height_phone=&#8221;&#8221; header_2_line_height_last_edited=&#8221;on|phone&#8221; border_style_all=&#8221;none&#8221; locked=&#8221;off&#8221; global_colors_info=&#8221;{}&#8221;]<\/p>\n<h2 style=\"text-align: center;\">OUR SALES DIVISIONS<\/h2>\n<p>[\/et_pb_text][\/et_pb_column][\/et_pb_row][et_pb_row column_structure=&#8221;1_2,1_2&#8243; use_custom_gutter=&#8221;on&#8221; gutter_width=&#8221;2&#8243; _builder_version=&#8221;4.27.3&#8243; _module_preset=&#8221;default&#8221; background_color=&#8221;#d8d8d8&#8243; custom_padding=&#8221;||||false|false&#8221; global_colors_info=&#8221;{}&#8221;][et_pb_column type=&#8221;1_2&#8243; _builder_version=&#8221;4.27.3&#8243; _module_preset=&#8221;default&#8221; background_enable_color=&#8221;off&#8221; custom_padding=&#8221;40px|40px|40px|40px|true|true&#8221; custom_padding_tablet=&#8221;30px|30px|30px|30px|true|true&#8221; custom_padding_phone=&#8221;20px|20px|20px|20px|true|true&#8221; custom_padding_last_edited=&#8221;on|phone&#8221; global_colors_info=&#8221;{}&#8221;][et_pb_image src=&#8221;https:\/\/novexco-stg.thinkenabled.net\/wp-content\/uploads\/2024\/12\/hamster-2.png&#8221; alt=&#8221;Hamster logo&#8221; title_text=&#8221;hamster&#8221; url=&#8221;https:\/\/novexco-stg.thinkenabled.net\/en\/divisions\/#Hamster&#8221; align=&#8221;center&#8221; _builder_version=&#8221;4.27.3&#8243; _module_preset=&#8221;default&#8221; width=&#8221;35%&#8221; custom_padding=&#8221;3px||3px||true|false&#8221; global_colors_info=&#8221;{}&#8221;][\/et_pb_image][\/et_pb_column][et_pb_column type=&#8221;1_2&#8243; _builder_version=&#8221;4.27.3&#8243; _module_preset=&#8221;default&#8221; background_enable_color=&#8221;off&#8221; custom_padding=&#8221;40px|40px|40px|40px|true|true&#8221; custom_padding_tablet=&#8221;30px|30px|30px|30px|true|true&#8221; custom_padding_phone=&#8221;20px|20px|20px|20px|true|true&#8221; custom_padding_last_edited=&#8221;on|phone&#8221; global_colors_info=&#8221;{}&#8221;][et_pb_image src=&#8221;https:\/\/novexco-stg.thinkenabled.net\/wp-content\/uploads\/2024\/12\/SPRichards-Chestwood-1.png&#8221; alt=&#8221;Hamster logo&#8221; title_text=&#8221;SPRichards-Chestwood (1)&#8221; url=&#8221;https:\/\/novexco-stg.thinkenabled.net\/en\/divisions\/#sprichards&#8221; align=&#8221;center&#8221; _builder_version=&#8221;4.27.3&#8243; _module_preset=&#8221;default&#8221; width=&#8221;45%&#8221; custom_padding=&#8221;||||false|false&#8221; global_colors_info=&#8221;{}&#8221;][\/et_pb_image][et_pb_heading title=&#8221;S.P. Richards Canada and Novexco Wholesale Divisions&#8221; url=&#8221;https:\/\/novexco-stg.thinkenabled.net\/en\/divisions\/#sprichards&#8221; _builder_version=&#8221;4.27.3&#8243; _module_preset=&#8221;default&#8221; title_font=&#8221;|700|||||||&#8221; title_text_align=&#8221;center&#8221; title_font_size=&#8221;18px&#8221; title_line_height=&#8221;1.3em&#8221; max_width=&#8221;300px&#8221; module_alignment=&#8221;center&#8221; global_colors_info=&#8221;{}&#8221;][\/et_pb_heading][\/et_pb_column][\/et_pb_row][\/et_pb_section]<\/p>\n","protected":false},"excerpt":{"rendered":"<p>Novexco is the largest Canadian-owned national distributor of office supplies and services.Provide innovative business solutions for the workplace, by focusing on the satisfaction and loyalty of our various client groups.DISCOVER NOVEXCOOUR SALES DIVISIONS<\/p>\n","protected":false},"author":2,"featured_media":0,"parent":0,"menu_order":0,"comment_status":"closed","ping_status":"closed","template":"","meta":{"_et_pb_use_builder":"on","_et_pb_old_content":"","_et_gb_content_width":"","footnotes":""},"class_list":["post-90","page","type-page","status-publish","hentry"],"yoast_head":"<!-- This site is optimized with the Yoast SEO plugin v27.3 - https:\/\/yoast.com\/product\/yoast-seo-wordpress\/ -->\r\n<title>Home | Novexco.com<\/title>\r\n<meta name=\"description\" content=\"Novexco repr\u00e9sente le plus grand distributeur national de fournitures et services pour le bureau de propri\u00e9t\u00e9 canadienne.\" \/>\r\n<meta name=\"robots\" content=\"index, follow, max-snippet:-1, max-image-preview:large, max-video-preview:-1\" \/>\r\n<link rel=\"canonical\" href=\"https:\/\/novexco.com\/en\/\" \/>\r\n<meta property=\"og:locale\" content=\"en_US\" \/>\r\n<meta property=\"og:type\" content=\"article\" \/>\r\n<meta property=\"og:title\" content=\"Home | Novexco.com\" \/>\r\n<meta property=\"og:description\" content=\"Novexco repr\u00e9sente le plus grand distributeur national de fournitures et services pour le bureau de propri\u00e9t\u00e9 canadienne.\" \/>\r\n<meta property=\"og:url\" content=\"https:\/\/novexco.com\/en\/\" \/>\r\n<meta property=\"og:site_name\" content=\"Novexco.com\" \/>\r\n<meta property=\"article:modified_time\" content=\"2025-02-18T18:36:13+00:00\" \/>\r\n<meta property=\"og:image\" content=\"https:\/\/novexco.com\/wp-content\/uploads\/2025\/02\/Home-Hero-Image.jpg\" \/>\r\n\t<meta property=\"og:image:width\" content=\"1880\" \/>\r\n\t<meta property=\"og:image:height\" content=\"860\" \/>\r\n\t<meta property=\"og:image:type\" content=\"image\/jpeg\" \/>\r\n<meta name=\"twitter:card\" content=\"summary_large_image\" \/>\r\n<meta name=\"twitter:label1\" content=\"Est. reading time\" \/>\n\t<meta name=\"twitter:data1\" content=\"8 minutes\" \/>\r\n<script type=\"application\/ld+json\" class=\"yoast-schema-graph\">{\"@context\":\"https:\\\/\\\/schema.org\",\"@graph\":[{\"@type\":\"WebPage\",\"@id\":\"https:\\\/\\\/novexco.com\\\/en\\\/\",\"url\":\"https:\\\/\\\/novexco.com\\\/en\\\/\",\"name\":\"Home | Novexco.com\",\"isPartOf\":{\"@id\":\"https:\\\/\\\/novexco.com\\\/en\\\/#website\"},\"datePublished\":\"2024-11-25T15:28:22+00:00\",\"dateModified\":\"2025-02-18T18:36:13+00:00\",\"description\":\"Novexco repr\u00e9sente le plus grand distributeur national de fournitures et services pour le bureau de propri\u00e9t\u00e9 canadienne.\",\"breadcrumb\":{\"@id\":\"https:\\\/\\\/novexco.com\\\/en\\\/#breadcrumb\"},\"inLanguage\":\"en-US\",\"potentialAction\":[{\"@type\":\"ReadAction\",\"target\":[\"https:\\\/\\\/novexco.com\\\/en\\\/\"]}]},{\"@type\":\"BreadcrumbList\",\"@id\":\"https:\\\/\\\/novexco.com\\\/en\\\/#breadcrumb\",\"itemListElement\":[{\"@type\":\"ListItem\",\"position\":1,\"name\":\"Accueil\",\"item\":\"https:\\\/\\\/novexco.com\\\/en\\\/\"},{\"@type\":\"ListItem\",\"position\":2,\"name\":\"Home\"}]},{\"@type\":\"WebSite\",\"@id\":\"https:\\\/\\\/novexco.com\\\/en\\\/#website\",\"url\":\"https:\\\/\\\/novexco.com\\\/en\\\/\",\"name\":\"Novexco.com\",\"description\":\"Largest Canadian-owned national distributor of office supplies and services\",\"publisher\":{\"@id\":\"https:\\\/\\\/novexco.com\\\/en\\\/#organization\"},\"potentialAction\":[{\"@type\":\"SearchAction\",\"target\":{\"@type\":\"EntryPoint\",\"urlTemplate\":\"https:\\\/\\\/novexco.com\\\/en\\\/?s={search_term_string}\"},\"query-input\":{\"@type\":\"PropertyValueSpecification\",\"valueRequired\":true,\"valueName\":\"search_term_string\"}}],\"inLanguage\":\"en-US\"},{\"@type\":\"Organization\",\"@id\":\"https:\\\/\\\/novexco.com\\\/en\\\/#organization\",\"name\":\"Novexco\",\"url\":\"https:\\\/\\\/novexco.com\\\/en\\\/\",\"logo\":{\"@type\":\"ImageObject\",\"inLanguage\":\"en-US\",\"@id\":\"https:\\\/\\\/novexco.com\\\/en\\\/#\\\/schema\\\/logo\\\/image\\\/\",\"url\":\"https:\\\/\\\/novexco-stg.thinkenabled.net\\\/wp-content\\\/uploads\\\/2024\\\/12\\\/logo-novexco.png\",\"contentUrl\":\"https:\\\/\\\/novexco-stg.thinkenabled.net\\\/wp-content\\\/uploads\\\/2024\\\/12\\\/logo-novexco.png\",\"width\":582,\"height\":110,\"caption\":\"Novexco\"},\"image\":{\"@id\":\"https:\\\/\\\/novexco.com\\\/en\\\/#\\\/schema\\\/logo\\\/image\\\/\"}}]}<\/script>\r\n<!-- \/ Yoast SEO plugin. -->","yoast_head_json":{"title":"Home | Novexco.com","description":"Novexco repr\u00e9sente le plus grand distributeur national de fournitures et services pour le bureau de propri\u00e9t\u00e9 canadienne.","robots":{"index":"index","follow":"follow","max-snippet":"max-snippet:-1","max-image-preview":"max-image-preview:large","max-video-preview":"max-video-preview:-1"},"canonical":"https:\/\/novexco.com\/en\/","og_locale":"en_US","og_type":"article","og_title":"Home | Novexco.com","og_description":"Novexco repr\u00e9sente le plus grand distributeur national de fournitures et services pour le bureau de propri\u00e9t\u00e9 canadienne.","og_url":"https:\/\/novexco.com\/en\/","og_site_name":"Novexco.com","article_modified_time":"2025-02-18T18:36:13+00:00","og_image":[{"width":1880,"height":860,"url":"https:\/\/novexco.com\/wp-content\/uploads\/2025\/02\/Home-Hero-Image.jpg","type":"image\/jpeg"}],"twitter_card":"summary_large_image","twitter_misc":{"Est. reading time":"8 minutes"},"schema":{"@context":"https:\/\/schema.org","@graph":[{"@type":"WebPage","@id":"https:\/\/novexco.com\/en\/","url":"https:\/\/novexco.com\/en\/","name":"Home | Novexco.com","isPartOf":{"@id":"https:\/\/novexco.com\/en\/#website"},"datePublished":"2024-11-25T15:28:22+00:00","dateModified":"2025-02-18T18:36:13+00:00","description":"Novexco repr\u00e9sente le plus grand distributeur national de fournitures et services pour le bureau de propri\u00e9t\u00e9 canadienne.","breadcrumb":{"@id":"https:\/\/novexco.com\/en\/#breadcrumb"},"inLanguage":"en-US","potentialAction":[{"@type":"ReadAction","target":["https:\/\/novexco.com\/en\/"]}]},{"@type":"BreadcrumbList","@id":"https:\/\/novexco.com\/en\/#breadcrumb","itemListElement":[{"@type":"ListItem","position":1,"name":"Accueil","item":"https:\/\/novexco.com\/en\/"},{"@type":"ListItem","position":2,"name":"Home"}]},{"@type":"WebSite","@id":"https:\/\/novexco.com\/en\/#website","url":"https:\/\/novexco.com\/en\/","name":"Novexco.com","description":"Largest Canadian-owned national distributor of office supplies and services","publisher":{"@id":"https:\/\/novexco.com\/en\/#organization"},"potentialAction":[{"@type":"SearchAction","target":{"@type":"EntryPoint","urlTemplate":"https:\/\/novexco.com\/en\/?s={search_term_string}"},"query-input":{"@type":"PropertyValueSpecification","valueRequired":true,"valueName":"search_term_string"}}],"inLanguage":"en-US"},{"@type":"Organization","@id":"https:\/\/novexco.com\/en\/#organization","name":"Novexco","url":"https:\/\/novexco.com\/en\/","logo":{"@type":"ImageObject","inLanguage":"en-US","@id":"https:\/\/novexco.com\/en\/#\/schema\/logo\/image\/","url":"https:\/\/novexco-stg.thinkenabled.net\/wp-content\/uploads\/2024\/12\/logo-novexco.png","contentUrl":"https:\/\/novexco-stg.thinkenabled.net\/wp-content\/uploads\/2024\/12\/logo-novexco.png","width":582,"height":110,"caption":"Novexco"},"image":{"@id":"https:\/\/novexco.com\/en\/#\/schema\/logo\/image\/"}}]}},"_links":{"self":[{"href":"https:\/\/novexco.com\/en\/wp-json\/wp\/v2\/pages\/90","targetHints":{"allow":["GET"]}}],"collection":[{"href":"https:\/\/novexco.com\/en\/wp-json\/wp\/v2\/pages"}],"about":[{"href":"https:\/\/novexco.com\/en\/wp-json\/wp\/v2\/types\/page"}],"author":[{"embeddable":true,"href":"https:\/\/novexco.com\/en\/wp-json\/wp\/v2\/users\/2"}],"replies":[{"embeddable":true,"href":"https:\/\/novexco.com\/en\/wp-json\/wp\/v2\/comments?post=90"}],"version-history":[{"count":161,"href":"https:\/\/novexco.com\/en\/wp-json\/wp\/v2\/pages\/90\/revisions"}],"predecessor-version":[{"id":263077,"href":"https:\/\/novexco.com\/en\/wp-json\/wp\/v2\/pages\/90\/revisions\/263077"}],"wp:attachment":[{"href":"https:\/\/novexco.com\/en\/wp-json\/wp\/v2\/media?parent=90"}],"curies":[{"name":"wp","href":"https:\/\/api.w.org\/{rel}","templated":true}]}}