{"id":71,"date":"2024-11-25T09:27:49","date_gmt":"2024-11-25T14:27:49","guid":{"rendered":"https:\/\/novexco-stg.thinkenabled.net\/?page_id=71"},"modified":"2025-05-30T16:55:49","modified_gmt":"2025-05-30T20:55:49","slug":"about-us","status":"publish","type":"page","link":"https:\/\/novexco.com\/en\/about-us\/","title":{"rendered":"About Us"},"content":{"rendered":"<p>[et_pb_section fb_built=&#8221;1&#8243; custom_padding_last_edited=&#8221;off|desktop&#8221; admin_label=&#8221;Flexile Hero 98&#8243; _builder_version=&#8221;4.27.3&#8243; background_enable_color=&#8221;off&#8221; background_enable_image=&#8221;off&#8221; custom_margin=&#8221;||||false|false&#8221; custom_margin_tablet=&#8221;||160px||false|false&#8221; custom_margin_phone=&#8221;||100px||false|false&#8221; custom_margin_last_edited=&#8221;on|phone&#8221; custom_padding=&#8221;0px||||false|false&#8221; custom_padding_tablet=&#8221;50px||50px||true|false&#8221; custom_padding_phone=&#8221;30px||30px||true|false&#8221; locked=&#8221;off&#8221; global_colors_info=&#8221;{}&#8221;][et_pb_row _builder_version=&#8221;4.27.3&#8243; _module_preset=&#8221;default&#8221; custom_padding=&#8221;0px||0px||false|false&#8221; global_colors_info=&#8221;{}&#8221;][et_pb_column type=&#8221;4_4&#8243; _builder_version=&#8221;4.27.3&#8243; _module_preset=&#8221;default&#8221; global_colors_info=&#8221;{}&#8221;][et_pb_image src=&#8221;https:\/\/novexco-stg.thinkenabled.net\/wp-content\/uploads\/2025\/01\/About-Hero-Image.jpg&#8221; alt=&#8221;About Hero Image&#8221; _builder_version=&#8221;4.27.3&#8243; _module_preset=&#8221;default&#8221; global_colors_info=&#8221;{}&#8221;][\/et_pb_image][\/et_pb_column][\/et_pb_row][\/et_pb_section][et_pb_section fb_built=&#8221;1&#8243; _builder_version=&#8221;4.27.3&#8243; _module_preset=&#8221;default&#8221; custom_padding=&#8221;0px||||false|false&#8221; global_colors_info=&#8221;{}&#8221;][et_pb_row _builder_version=&#8221;4.27.3&#8243; _module_preset=&#8221;default&#8221; custom_margin=&#8221;||||false|false&#8221; custom_padding=&#8221;0px||0px||true|false&#8221; global_colors_info=&#8221;{}&#8221;][et_pb_column type=&#8221;4_4&#8243; _builder_version=&#8221;4.27.3&#8243; _module_preset=&#8221;default&#8221; global_colors_info=&#8221;{}&#8221;][et_pb_heading title=&#8221;ABOUT US&#8221; _builder_version=&#8221;4.27.3&#8243; _module_preset=&#8221;default&#8221; title_font=&#8221;Roboto|700|||||||&#8221; title_text_align=&#8221;center&#8221; title_text_color=&#8221;#1c1d1b&#8221; title_font_size=&#8221;50px&#8221; title_line_height=&#8221;0em&#8221; custom_padding=&#8221;40px||||false|false&#8221; global_colors_info=&#8221;{}&#8221;][\/et_pb_heading][et_pb_text _builder_version=&#8221;4.27.3&#8243; _module_preset=&#8221;default&#8221; text_font=&#8221;Roboto|300|||||||&#8221; text_text_color=&#8221;#9b9b9b&#8221; text_font_size=&#8221;32px&#8221; text_line_height=&#8221;40px&#8221; text_orientation=&#8221;center&#8221; width=&#8221;80%&#8221; module_alignment=&#8221;center&#8221; custom_padding=&#8221;0px||0px||false|false&#8221; global_colors_info=&#8221;{}&#8221;]<\/p>\n<p>Novexco serves a large array of customers through its merchant members, sales divisions and web site.<\/p>\n<p>Novexco combines the logistics of large modern companies with the proximity offered by its multiple points of contact with its customers.<\/p>\n<p>[\/et_pb_text][\/et_pb_column][\/et_pb_row][\/et_pb_section][et_pb_section fb_built=&#8221;1&#8243; module_class=&#8221;content-boxes&#8221; _builder_version=&#8221;4.27.3&#8243; _module_preset=&#8221;default&#8221; custom_padding=&#8221;0px||||false|false&#8221; global_colors_info=&#8221;{}&#8221;][et_pb_row column_structure=&#8221;1_2,1_2&#8243; use_custom_gutter=&#8221;on&#8221; gutter_width=&#8221;1&#8243; make_equal=&#8221;on&#8221; module_id=&#8221;Clients&#8221; _builder_version=&#8221;4.27.3&#8243; _module_preset=&#8221;default&#8221; custom_padding=&#8221;||||true|true&#8221; custom_css_free_form=&#8221;#sprichards.et_pb_row.et_pb_row_2 {||  align-content: center;||}&#8221; global_colors_info=&#8221;{}&#8221;][et_pb_column type=&#8221;1_2&#8243; _builder_version=&#8221;4.27.3&#8243; _module_preset=&#8221;default&#8221; background_color=&#8221;#f3f3f3&#8243; global_colors_info=&#8221;{}&#8221;][et_pb_blurb title=&#8221;CLIENTS&#8221; _builder_version=&#8221;4.27.3&#8243; _module_preset=&#8221;default&#8221; header_font=&#8221;Roboto|300|||||||&#8221; header_font_size=&#8221;24px&#8221; header_line_height=&#8221;1.5em&#8221; body_font=&#8221;Roboto|300|||||||&#8221; body_text_color=&#8221;#333333&#8243; body_font_size=&#8221;16px&#8221; body_line_height=&#8221;1.8em&#8221; custom_padding=&#8221;||||false|true&#8221; global_colors_info=&#8221;{}&#8221;]<\/p>\n<p>Novexco has many major clients including governments, financial institutions, insurance companies, hospital and educational organizations.<\/p>\n<p>Novexco also serves thousands of small and medium-sized businesses across the country.<\/p>\n<p>[\/et_pb_blurb][\/et_pb_column][et_pb_column type=&#8221;1_2&#8243; _builder_version=&#8221;4.27.3&#8243; _module_preset=&#8221;default&#8221; background_color=&#8221;#d8d8d8&#8243; global_colors_info=&#8221;{}&#8221;][et_pb_image src=&#8221;https:\/\/novexco-stg.thinkenabled.net\/wp-content\/uploads\/2025\/01\/clients-round.png&#8221; alt=&#8221;clients-round&#8221; show_bottom_space=&#8221;off&#8221; align=&#8221;right&#8221; _builder_version=&#8221;4.27.3&#8243; _module_preset=&#8221;default&#8221; custom_margin=&#8221;||||false|false&#8221; custom_padding=&#8221;||||false|false&#8221; global_colors_info=&#8221;{}&#8221;][\/et_pb_image][\/et_pb_column][\/et_pb_row][et_pb_row column_structure=&#8221;1_2,1_2&#8243; use_custom_gutter=&#8221;on&#8221; gutter_width=&#8221;1&#8243; make_equal=&#8221;on&#8221; module_id=&#8221;Products&#8221; _builder_version=&#8221;4.27.3&#8243; _module_preset=&#8221;default&#8221; custom_padding=&#8221;||||true|true&#8221; custom_css_free_form=&#8221;#sprichards.et_pb_row.et_pb_row_2 {||  align-content: center;||}&#8221; global_colors_info=&#8221;{}&#8221;][et_pb_column type=&#8221;1_2&#8243; _builder_version=&#8221;4.27.3&#8243; _module_preset=&#8221;default&#8221; background_color=&#8221;#d8d8d8&#8243; global_colors_info=&#8221;{}&#8221;][et_pb_image src=&#8221;https:\/\/novexco-stg.thinkenabled.net\/wp-content\/uploads\/2025\/01\/Products.png&#8221; alt=&#8221;Products&#8221; show_bottom_space=&#8221;off&#8221; _builder_version=&#8221;4.27.3&#8243; _module_preset=&#8221;default&#8221; global_colors_info=&#8221;{}&#8221;][\/et_pb_image][\/et_pb_column][et_pb_column type=&#8221;1_2&#8243; _builder_version=&#8221;4.27.3&#8243; _module_preset=&#8221;default&#8221; background_color=&#8221;#f3f3f3&#8243; global_colors_info=&#8221;{}&#8221;][et_pb_blurb title=&#8221;PRODUCTS&#8221; _builder_version=&#8221;4.27.3&#8243; _module_preset=&#8221;default&#8221; header_font=&#8221;Roboto|300|||||||&#8221; header_font_size=&#8221;24px&#8221; header_line_height=&#8221;1.5em&#8221; body_font=&#8221;Roboto|300|||||||&#8221; body_text_color=&#8221;#333333&#8243; body_font_size=&#8221;16px&#8221; body_line_height=&#8221;1.8em&#8221; custom_padding=&#8221;||||false|false&#8221; global_colors_info=&#8221;{}&#8221;]<\/p>\n<p>Novexco has access to more than 500,000 traditional and innovative products through its supplier network.<\/p>\n<p>Novexco partners with all major national manufacturers, including 3M, Newell Brands, Acco and Global.<\/p>\n<p>Novexco offers its own private brand: Offix\u00ae of nearly 2,000 products in all categories.<\/p>\n<p>Through its own Distribution Centres, Novexco also manages complete customized product programs.<\/p>\n<p>[\/et_pb_blurb][\/et_pb_column][\/et_pb_row][et_pb_row column_structure=&#8221;1_2,1_2&#8243; use_custom_gutter=&#8221;on&#8221; gutter_width=&#8221;1&#8243; make_equal=&#8221;on&#8221; module_id=&#8221;Logistics&#8221; _builder_version=&#8221;4.27.3&#8243; _module_preset=&#8221;default&#8221; custom_padding=&#8221;||||true|true&#8221; custom_css_free_form=&#8221;#sprichards.et_pb_row.et_pb_row_2 {||  align-content: center;||}&#8221; global_colors_info=&#8221;{}&#8221;][et_pb_column type=&#8221;1_2&#8243; _builder_version=&#8221;4.27.3&#8243; _module_preset=&#8221;default&#8221; background_color=&#8221;#f3f3f3&#8243; global_colors_info=&#8221;{}&#8221;][et_pb_blurb title=&#8221;LOGISTICS&#8221; _builder_version=&#8221;4.27.3&#8243; _module_preset=&#8221;default&#8221; header_font=&#8221;Roboto|300|||||||&#8221; header_font_size=&#8221;24px&#8221; header_line_height=&#8221;1.5em&#8221; body_font=&#8221;Roboto|300|||||||&#8221; body_text_color=&#8221;#333333&#8243; body_font_size=&#8221;16px&#8221; body_line_height=&#8221;1.8em&#8221; custom_padding=&#8221;||||false|true&#8221; global_colors_info=&#8221;{}&#8221;]<\/p>\n<p>Novexco has 6 distribution centres with a total of 500,000 square feet of warehousing space, with intelligent conveyors in its main distribution centre in Laval.<\/p>\n<p>Novexco&#8217;s distribution centers are located from the East to the West, in Dartmouth NS, Laval QC, Longueuil QC, Brampton ON, Calgary AB and Vancouver BC.<\/p>\n<p>[\/et_pb_blurb][\/et_pb_column][et_pb_column type=&#8221;1_2&#8243; _builder_version=&#8221;4.27.3&#8243; _module_preset=&#8221;default&#8221; background_color=&#8221;#d8d8d8&#8243; global_colors_info=&#8221;{}&#8221;][et_pb_image src=&#8221;https:\/\/novexco-stg.thinkenabled.net\/wp-content\/uploads\/2024\/12\/logistic-round-1.png&#8221; alt=&#8221;logistic-round&#8221; show_bottom_space=&#8221;off&#8221; align=&#8221;right&#8221; _builder_version=&#8221;4.27.3&#8243; _module_preset=&#8221;default&#8221; custom_margin=&#8221;||||false|false&#8221; custom_padding=&#8221;||||false|false&#8221; global_colors_info=&#8221;{}&#8221;][\/et_pb_image][\/et_pb_column][\/et_pb_row][et_pb_row column_structure=&#8221;1_2,1_2&#8243; use_custom_gutter=&#8221;on&#8221; gutter_width=&#8221;1&#8243; make_equal=&#8221;on&#8221; module_id=&#8221;Online&#8221; _builder_version=&#8221;4.27.3&#8243; _module_preset=&#8221;default&#8221; custom_padding=&#8221;||||true|true&#8221; custom_css_free_form=&#8221;#sprichards.et_pb_row.et_pb_row_2 {||  align-content: center;||}&#8221; global_colors_info=&#8221;{}&#8221;][et_pb_column type=&#8221;1_2&#8243; _builder_version=&#8221;4.27.3&#8243; _module_preset=&#8221;default&#8221; background_color=&#8221;#d8d8d8&#8243; global_colors_info=&#8221;{}&#8221;][et_pb_image src=&#8221;https:\/\/novexco-stg.thinkenabled.net\/wp-content\/uploads\/2025\/01\/online-round.png&#8221; alt=&#8221;online-round&#8221; show_bottom_space=&#8221;off&#8221; _builder_version=&#8221;4.27.3&#8243; _module_preset=&#8221;default&#8221; global_colors_info=&#8221;{}&#8221;][\/et_pb_image][\/et_pb_column][et_pb_column type=&#8221;1_2&#8243; _builder_version=&#8221;4.27.3&#8243; _module_preset=&#8221;default&#8221; background_color=&#8221;#f3f3f3&#8243; global_colors_info=&#8221;{}&#8221;][et_pb_blurb title=&#8221;ONLINE&#8221; _builder_version=&#8221;4.27.3&#8243; _module_preset=&#8221;default&#8221; header_font=&#8221;Roboto|300|||||||&#8221; header_font_size=&#8221;24px&#8221; header_line_height=&#8221;1.5em&#8221; body_font=&#8221;Roboto|300|||||||&#8221; body_text_color=&#8221;#333333&#8243; body_font_size=&#8221;16px&#8221; body_line_height=&#8221;1.8em&#8221; global_colors_info=&#8221;{}&#8221;]<\/p>\n<p>Novexco&#8217;s online sales are processed on its hamster.ca website, accessible to business customers and consumers across the country. This website offers more than 20,000 products that are stocked or rapidly accessible by direct delivery from its suppliers.<\/p>\n<p>Hamster\u2122 also serves a network of more than 100 satellite sites, operated by its merchants.<\/p>\n<p>[\/et_pb_blurb][\/et_pb_column][\/et_pb_row][et_pb_row column_structure=&#8221;1_2,1_2&#8243; use_custom_gutter=&#8221;on&#8221; gutter_width=&#8221;1&#8243; make_equal=&#8221;on&#8221; _builder_version=&#8221;4.27.3&#8243; _module_preset=&#8221;default&#8221; custom_padding=&#8221;||||true|true&#8221; custom_css_free_form=&#8221;#sprichards.et_pb_row.et_pb_row_2 {||  align-content: center;||}&#8221; global_colors_info=&#8221;{}&#8221;][et_pb_column type=&#8221;1_2&#8243; _builder_version=&#8221;4.27.3&#8243; _module_preset=&#8221;default&#8221; background_color=&#8221;#f3f3f3&#8243; global_colors_info=&#8221;{}&#8221;][et_pb_blurb title=&#8221;DOCUMENTS&#8221; _builder_version=&#8221;4.27.3&#8243; _module_preset=&#8221;default&#8221; header_font=&#8221;Roboto|300|||||||&#8221; header_font_size=&#8221;24px&#8221; header_line_height=&#8221;1.5em&#8221; body_font=&#8221;Roboto|300|||||||&#8221; body_text_color=&#8221;#333333&#8243; body_font_size=&#8221;16px&#8221; body_line_height=&#8221;1.8em&#8221; hover_enabled=&#8221;0&#8243; global_colors_info=&#8221;{}&#8221; sticky_enabled=&#8221;0&#8243;]<\/p>\n<p>Consult our different documents and reports<\/p>\n<ul>\n<li><a href=\"https:\/\/novexco.com\/wp-content\/uploads\/2025\/05\/2025_annual_report.pdf\" target=\"_blank\" rel=\"noopener\" title=\"2025 Report of Novexco Inc. and S.P. Richards Canada Co. Ltd under the Fighting Against Forced Labour and Child Labour in Supply Chains Act\">2025 Report of Novexco Inc. and S.P. Richards Canada Co. Ltd under the Fighting Against Forced Labour and Child Labour in Supply Chains Act<\/a><\/li>\n<li><a href=\"\/userfiles\/files\/2024_Annual_Report.pdf\" target=\"_blank\" rel=\"noopener\" title=\"2024 Report of Novexco Inc. and S.P. Richards Canada Co. Ltd under the Fighting Against Forced Labour and Child Labour in Supply Chains Act\">2024 Report of Novexco Inc. and S.P. Richards Canada Co. Ltd under the Fighting Against Forced Labour and Child Labour in Supply Chains Act<\/a><\/li>\n<li><a href=\"\/userfiles\/files\/Novexco_ESG_EN_2023.pdf\">Environmental, Social, and Governance Initiatives<\/a><\/li>\n<\/ul>\n<p>[\/et_pb_blurb][\/et_pb_column][et_pb_column type=&#8221;1_2&#8243; _builder_version=&#8221;4.27.3&#8243; _module_preset=&#8221;default&#8221; background_color=&#8221;#d8d8d8&#8243; global_colors_info=&#8221;{}&#8221;][et_pb_image src=&#8221;https:\/\/novexco-stg.thinkenabled.net\/wp-content\/uploads\/2025\/01\/documents-round.png&#8221; alt=&#8221;documents-round&#8221; show_bottom_space=&#8221;off&#8221; align=&#8221;right&#8221; _builder_version=&#8221;4.27.3&#8243; _module_preset=&#8221;default&#8221; custom_margin=&#8221;||||false|false&#8221; custom_padding=&#8221;||||false|false&#8221; global_colors_info=&#8221;{}&#8221;][\/et_pb_image][\/et_pb_column][\/et_pb_row][\/et_pb_section]<\/p>\n","protected":false},"excerpt":{"rendered":"<p>Novexco serves a large array of customers through its merchant members, sales divisions and web site. Novexco combines the logistics of large modern companies with the proximity offered by its multiple points of contact with its customers.Novexco has many major clients including governments, financial institutions, insurance companies, hospital and educational organizations. Novexco also serves thousands [&hellip;]<\/p>\n","protected":false},"author":2,"featured_media":0,"parent":0,"menu_order":0,"comment_status":"closed","ping_status":"closed","template":"","meta":{"_et_pb_use_builder":"on","_et_pb_old_content":"","_et_gb_content_width":"","footnotes":""},"class_list":["post-71","page","type-page","status-publish","hentry"],"yoast_head":"<!-- This site is optimized with the Yoast SEO plugin v27.3 - https:\/\/yoast.com\/product\/yoast-seo-wordpress\/ -->\r\n<title>About Us | Novexco.com<\/title>\r\n<meta name=\"description\" content=\"Novexco repr\u00e9sente le plus grand distributeur national de fournitures et services pour le bureau de propri\u00e9t\u00e9 canadienne.\" \/>\r\n<meta name=\"robots\" content=\"index, follow, max-snippet:-1, max-image-preview:large, max-video-preview:-1\" \/>\r\n<link rel=\"canonical\" href=\"https:\/\/novexco.com\/en\/about-us\/\" \/>\r\n<meta property=\"og:locale\" content=\"en_US\" \/>\r\n<meta property=\"og:type\" content=\"article\" \/>\r\n<meta property=\"og:title\" content=\"About Us | Novexco.com\" \/>\r\n<meta property=\"og:description\" content=\"Novexco repr\u00e9sente le plus grand distributeur national de fournitures et services pour le bureau de propri\u00e9t\u00e9 canadienne.\" \/>\r\n<meta property=\"og:url\" content=\"https:\/\/novexco.com\/en\/about-us\/\" \/>\r\n<meta property=\"og:site_name\" content=\"Novexco.com\" \/>\r\n<meta property=\"article:modified_time\" content=\"2025-05-30T20:55:49+00:00\" \/>\r\n<meta property=\"og:image\" content=\"https:\/\/novexco.com\/wp-content\/uploads\/2025\/02\/Home-Hero-Image.jpg\" \/>\r\n\t<meta property=\"og:image:width\" content=\"1880\" \/>\r\n\t<meta property=\"og:image:height\" content=\"860\" \/>\r\n\t<meta property=\"og:image:type\" content=\"image\/jpeg\" \/>\r\n<meta name=\"twitter:card\" content=\"summary_large_image\" \/>\r\n<meta name=\"twitter:label1\" content=\"Est. reading time\" \/>\n\t<meta name=\"twitter:data1\" content=\"7 minutes\" \/>\r\n<script type=\"application\/ld+json\" class=\"yoast-schema-graph\">{\"@context\":\"https:\\\/\\\/schema.org\",\"@graph\":[{\"@type\":\"WebPage\",\"@id\":\"https:\\\/\\\/novexco.com\\\/en\\\/about-us\\\/\",\"url\":\"https:\\\/\\\/novexco.com\\\/en\\\/about-us\\\/\",\"name\":\"About Us | Novexco.com\",\"isPartOf\":{\"@id\":\"https:\\\/\\\/novexco.com\\\/en\\\/#website\"},\"datePublished\":\"2024-11-25T14:27:49+00:00\",\"dateModified\":\"2025-05-30T20:55:49+00:00\",\"description\":\"Novexco repr\u00e9sente le plus grand distributeur national de fournitures et services pour le bureau de propri\u00e9t\u00e9 canadienne.\",\"breadcrumb\":{\"@id\":\"https:\\\/\\\/novexco.com\\\/en\\\/about-us\\\/#breadcrumb\"},\"inLanguage\":\"en-US\",\"potentialAction\":[{\"@type\":\"ReadAction\",\"target\":[\"https:\\\/\\\/novexco.com\\\/en\\\/about-us\\\/\"]}]},{\"@type\":\"BreadcrumbList\",\"@id\":\"https:\\\/\\\/novexco.com\\\/en\\\/about-us\\\/#breadcrumb\",\"itemListElement\":[{\"@type\":\"ListItem\",\"position\":1,\"name\":\"Accueil\",\"item\":\"https:\\\/\\\/novexco.com\\\/en\\\/\"},{\"@type\":\"ListItem\",\"position\":2,\"name\":\"About Us\"}]},{\"@type\":\"WebSite\",\"@id\":\"https:\\\/\\\/novexco.com\\\/en\\\/#website\",\"url\":\"https:\\\/\\\/novexco.com\\\/en\\\/\",\"name\":\"Novexco.com\",\"description\":\"Largest Canadian-owned national distributor of office supplies and services\",\"publisher\":{\"@id\":\"https:\\\/\\\/novexco.com\\\/en\\\/#organization\"},\"potentialAction\":[{\"@type\":\"SearchAction\",\"target\":{\"@type\":\"EntryPoint\",\"urlTemplate\":\"https:\\\/\\\/novexco.com\\\/en\\\/?s={search_term_string}\"},\"query-input\":{\"@type\":\"PropertyValueSpecification\",\"valueRequired\":true,\"valueName\":\"search_term_string\"}}],\"inLanguage\":\"en-US\"},{\"@type\":\"Organization\",\"@id\":\"https:\\\/\\\/novexco.com\\\/en\\\/#organization\",\"name\":\"Novexco\",\"url\":\"https:\\\/\\\/novexco.com\\\/en\\\/\",\"logo\":{\"@type\":\"ImageObject\",\"inLanguage\":\"en-US\",\"@id\":\"https:\\\/\\\/novexco.com\\\/en\\\/#\\\/schema\\\/logo\\\/image\\\/\",\"url\":\"https:\\\/\\\/novexco-stg.thinkenabled.net\\\/wp-content\\\/uploads\\\/2024\\\/12\\\/logo-novexco.png\",\"contentUrl\":\"https:\\\/\\\/novexco-stg.thinkenabled.net\\\/wp-content\\\/uploads\\\/2024\\\/12\\\/logo-novexco.png\",\"width\":582,\"height\":110,\"caption\":\"Novexco\"},\"image\":{\"@id\":\"https:\\\/\\\/novexco.com\\\/en\\\/#\\\/schema\\\/logo\\\/image\\\/\"}}]}<\/script>\r\n<!-- \/ Yoast SEO plugin. -->","yoast_head_json":{"title":"About Us | Novexco.com","description":"Novexco repr\u00e9sente le plus grand distributeur national de fournitures et services pour le bureau de propri\u00e9t\u00e9 canadienne.","robots":{"index":"index","follow":"follow","max-snippet":"max-snippet:-1","max-image-preview":"max-image-preview:large","max-video-preview":"max-video-preview:-1"},"canonical":"https:\/\/novexco.com\/en\/about-us\/","og_locale":"en_US","og_type":"article","og_title":"About Us | Novexco.com","og_description":"Novexco repr\u00e9sente le plus grand distributeur national de fournitures et services pour le bureau de propri\u00e9t\u00e9 canadienne.","og_url":"https:\/\/novexco.com\/en\/about-us\/","og_site_name":"Novexco.com","article_modified_time":"2025-05-30T20:55:49+00:00","og_image":[{"width":1880,"height":860,"url":"https:\/\/novexco.com\/wp-content\/uploads\/2025\/02\/Home-Hero-Image.jpg","type":"image\/jpeg"}],"twitter_card":"summary_large_image","twitter_misc":{"Est. reading time":"7 minutes"},"schema":{"@context":"https:\/\/schema.org","@graph":[{"@type":"WebPage","@id":"https:\/\/novexco.com\/en\/about-us\/","url":"https:\/\/novexco.com\/en\/about-us\/","name":"About Us | Novexco.com","isPartOf":{"@id":"https:\/\/novexco.com\/en\/#website"},"datePublished":"2024-11-25T14:27:49+00:00","dateModified":"2025-05-30T20:55:49+00:00","description":"Novexco repr\u00e9sente le plus grand distributeur national de fournitures et services pour le bureau de propri\u00e9t\u00e9 canadienne.","breadcrumb":{"@id":"https:\/\/novexco.com\/en\/about-us\/#breadcrumb"},"inLanguage":"en-US","potentialAction":[{"@type":"ReadAction","target":["https:\/\/novexco.com\/en\/about-us\/"]}]},{"@type":"BreadcrumbList","@id":"https:\/\/novexco.com\/en\/about-us\/#breadcrumb","itemListElement":[{"@type":"ListItem","position":1,"name":"Accueil","item":"https:\/\/novexco.com\/en\/"},{"@type":"ListItem","position":2,"name":"About Us"}]},{"@type":"WebSite","@id":"https:\/\/novexco.com\/en\/#website","url":"https:\/\/novexco.com\/en\/","name":"Novexco.com","description":"Largest Canadian-owned national distributor of office supplies and services","publisher":{"@id":"https:\/\/novexco.com\/en\/#organization"},"potentialAction":[{"@type":"SearchAction","target":{"@type":"EntryPoint","urlTemplate":"https:\/\/novexco.com\/en\/?s={search_term_string}"},"query-input":{"@type":"PropertyValueSpecification","valueRequired":true,"valueName":"search_term_string"}}],"inLanguage":"en-US"},{"@type":"Organization","@id":"https:\/\/novexco.com\/en\/#organization","name":"Novexco","url":"https:\/\/novexco.com\/en\/","logo":{"@type":"ImageObject","inLanguage":"en-US","@id":"https:\/\/novexco.com\/en\/#\/schema\/logo\/image\/","url":"https:\/\/novexco-stg.thinkenabled.net\/wp-content\/uploads\/2024\/12\/logo-novexco.png","contentUrl":"https:\/\/novexco-stg.thinkenabled.net\/wp-content\/uploads\/2024\/12\/logo-novexco.png","width":582,"height":110,"caption":"Novexco"},"image":{"@id":"https:\/\/novexco.com\/en\/#\/schema\/logo\/image\/"}}]}},"_links":{"self":[{"href":"https:\/\/novexco.com\/en\/wp-json\/wp\/v2\/pages\/71","targetHints":{"allow":["GET"]}}],"collection":[{"href":"https:\/\/novexco.com\/en\/wp-json\/wp\/v2\/pages"}],"about":[{"href":"https:\/\/novexco.com\/en\/wp-json\/wp\/v2\/types\/page"}],"author":[{"embeddable":true,"href":"https:\/\/novexco.com\/en\/wp-json\/wp\/v2\/users\/2"}],"replies":[{"embeddable":true,"href":"https:\/\/novexco.com\/en\/wp-json\/wp\/v2\/comments?post=71"}],"version-history":[{"count":102,"href":"https:\/\/novexco.com\/en\/wp-json\/wp\/v2\/pages\/71\/revisions"}],"predecessor-version":[{"id":263132,"href":"https:\/\/novexco.com\/en\/wp-json\/wp\/v2\/pages\/71\/revisions\/263132"}],"wp:attachment":[{"href":"https:\/\/novexco.com\/en\/wp-json\/wp\/v2\/media?parent=71"}],"curies":[{"name":"wp","href":"https:\/\/api.w.org\/{rel}","templated":true}]}}