{"id":263150,"date":"2026-02-25T14:55:33","date_gmt":"2026-02-25T19:55:33","guid":{"rendered":"https:\/\/novexco.com\/?page_id=263150"},"modified":"2026-04-01T12:53:19","modified_gmt":"2026-04-01T16:53:19","slug":"dealer-locator","status":"publish","type":"page","link":"https:\/\/novexco.com\/en\/dealer-locator\/","title":{"rendered":"Dealer Locator"},"content":{"rendered":"<p>[et_pb_section fb_built=&#8221;1&#8243; _builder_version=&#8221;4.27.3&#8243; _module_preset=&#8221;default&#8221; custom_padding=&#8221;0px||||false|false&#8221; global_colors_info=&#8221;{}&#8221;][et_pb_row _builder_version=&#8221;4.27.3&#8243; _module_preset=&#8221;default&#8221; custom_margin=&#8221;||||false|false&#8221; custom_padding=&#8221;0px||0px||true|false&#8221; global_colors_info=&#8221;{}&#8221;][et_pb_column type=&#8221;4_4&#8243; _builder_version=&#8221;4.27.3&#8243; _module_preset=&#8221;default&#8221; global_colors_info=&#8221;{}&#8221;][et_pb_heading title=&#8221;National Presence, Local Focus.&#8221; _builder_version=&#8221;4.27.6&#8243; _module_preset=&#8221;default&#8221; title_font=&#8221;Roboto|700|||||||&#8221; title_text_align=&#8221;center&#8221; title_text_color=&#8221;#1c1d1b&#8221; title_font_size=&#8221;50px&#8221; title_line_height=&#8221;0em&#8221; custom_padding=&#8221;40px||||false|false&#8221; global_colors_info=&#8221;{}&#8221;][\/et_pb_heading][et_pb_text _builder_version=&#8221;4.27.6&#8243; _module_preset=&#8221;default&#8221; text_font=&#8221;Roboto|300|||||||&#8221; text_font_size=&#8221;16px&#8221; text_line_height=&#8221;1.8em&#8221; global_colors_info=&#8221;{}&#8221;]<\/p>\n<p>We are 100% Canadian-owned and operated and work in the communities in which we live. We believe that every Canadian business deserves an office supply partner that understands their needs, and their community!<\/p>\n<p>[\/et_pb_text][\/et_pb_column][\/et_pb_row][et_pb_row _builder_version=&#8221;4.27.4&#8243; _module_preset=&#8221;default&#8221; global_colors_info=&#8221;{}&#8221;][et_pb_column type=&#8221;4_4&#8243; _builder_version=&#8221;4.27.4&#8243; _module_preset=&#8221;default&#8221; global_colors_info=&#8221;{}&#8221;][et_pb_heading title=&#8221;Locate a Dealer&#8221; _builder_version=&#8221;4.27.6&#8243; _module_preset=&#8221;default&#8221; title_font=&#8221;Roboto|700|||||||&#8221; title_text_align=&#8221;center&#8221; title_text_color=&#8221;#1c1d1b&#8221; title_font_size=&#8221;50px&#8221; title_line_height=&#8221;0em&#8221; custom_padding=&#8221;40px||||false|false&#8221; hover_enabled=&#8221;0&#8243; global_colors_info=&#8221;{}&#8221; sticky_enabled=&#8221;0&#8243;][\/et_pb_heading][et_pb_code _builder_version=&#8221;4.27.4&#8243; _module_preset=&#8221;default&#8221; global_colors_info=&#8221;{}&#8221;]<\/p>\n<div id='storerocket-widget' style='width:100%;' data-storerocket-env='p' data-storerocket-id='xk4YPDmpXa'><pee style='text-align:center;font-size:13px;padding:10px;'>Store locator is loading from StoreRocket <a target='_blank' href='https:\/\/storerocket.io' style='font-size:13px;'>Store Locator App<\/a>..<\/pee><\/div>\n<p><script>(function(){var a=document.createElement('script');a.type='text\/javascript';a.async=!0;a.src='https:\/\/cdn.storerocket.io\/js\/widget-mb.js';var b=document.getElementsByTagName('script')[0];b.parentNode.insertBefore(a,b);}());<\/script>[\/et_pb_code][\/et_pb_column][\/et_pb_row][\/et_pb_section]<\/p>\n","protected":false},"excerpt":{"rendered":"<p>We are 100% Canadian-owned and operated and work in the communities in which we live. We believe that every Canadian business deserves an office supply partner that understands their needs, and their community!<\/p>\n","protected":false},"author":1,"featured_media":0,"parent":0,"menu_order":0,"comment_status":"closed","ping_status":"closed","template":"","meta":{"_et_pb_use_builder":"on","_et_pb_old_content":"","_et_gb_content_width":"","footnotes":""},"class_list":["post-263150","page","type-page","status-publish","hentry"],"yoast_head":"<!-- This site is optimized with the Yoast SEO plugin v27.0 - https:\/\/yoast.com\/product\/yoast-seo-wordpress\/ -->\r\n<title>Dealer Locator | Novexco.com<\/title>\r\n<meta name=\"description\" content=\"Novexco repr\u00e9sente le plus grand distributeur national de fournitures et services pour le bureau de propri\u00e9t\u00e9 canadienne.\" \/>\r\n<meta name=\"robots\" content=\"index, follow, max-snippet:-1, max-image-preview:large, max-video-preview:-1\" \/>\r\n<link rel=\"canonical\" href=\"https:\/\/novexco.com\/en\/dealer-locator\/\" \/>\r\n<meta property=\"og:locale\" content=\"en_US\" \/>\r\n<meta property=\"og:type\" content=\"article\" \/>\r\n<meta property=\"og:title\" content=\"Dealer Locator | Novexco.com\" \/>\r\n<meta property=\"og:description\" content=\"Novexco repr\u00e9sente le plus grand distributeur national de fournitures et services pour le bureau de propri\u00e9t\u00e9 canadienne.\" \/>\r\n<meta property=\"og:url\" content=\"https:\/\/novexco.com\/en\/dealer-locator\/\" \/>\r\n<meta property=\"og:site_name\" content=\"Novexco.com\" \/>\r\n<meta property=\"article:modified_time\" content=\"2026-04-01T16:53:19+00:00\" \/>\r\n<meta property=\"og:image\" content=\"https:\/\/novexco.com\/wp-content\/uploads\/2025\/02\/Home-Hero-Image.jpg\" \/>\r\n\t<meta property=\"og:image:width\" content=\"1880\" \/>\r\n\t<meta property=\"og:image:height\" content=\"860\" \/>\r\n\t<meta property=\"og:image:type\" content=\"image\/jpeg\" \/>\r\n<meta name=\"twitter:card\" content=\"summary_large_image\" \/>\r\n<meta name=\"twitter:label1\" content=\"Est. reading time\" \/>\n\t<meta name=\"twitter:data1\" content=\"1 minute\" \/>\r\n<script type=\"application\/ld+json\" class=\"yoast-schema-graph\">{\"@context\":\"https:\/\/schema.org\",\"@graph\":[{\"@type\":\"WebPage\",\"@id\":\"https:\/\/novexco.com\/en\/dealer-locator\/\",\"url\":\"https:\/\/novexco.com\/en\/dealer-locator\/\",\"name\":\"Dealer Locator | Novexco.com\",\"isPartOf\":{\"@id\":\"https:\/\/novexco.com\/en\/#website\"},\"datePublished\":\"2026-02-25T19:55:33+00:00\",\"dateModified\":\"2026-04-01T16:53:19+00:00\",\"description\":\"Novexco repr\u00e9sente le plus grand distributeur national de fournitures et services pour le bureau de propri\u00e9t\u00e9 canadienne.\",\"breadcrumb\":{\"@id\":\"https:\/\/novexco.com\/en\/dealer-locator\/#breadcrumb\"},\"inLanguage\":\"en-US\",\"potentialAction\":[{\"@type\":\"ReadAction\",\"target\":[\"https:\/\/novexco.com\/en\/dealer-locator\/\"]}]},{\"@type\":\"BreadcrumbList\",\"@id\":\"https:\/\/novexco.com\/en\/dealer-locator\/#breadcrumb\",\"itemListElement\":[{\"@type\":\"ListItem\",\"position\":1,\"name\":\"Accueil\",\"item\":\"https:\/\/novexco.com\/en\/\"},{\"@type\":\"ListItem\",\"position\":2,\"name\":\"Dealer Locator\"}]},{\"@type\":\"WebSite\",\"@id\":\"https:\/\/novexco.com\/en\/#website\",\"url\":\"https:\/\/novexco.com\/en\/\",\"name\":\"Novexco.com\",\"description\":\"Largest Canadian-owned national distributor of office supplies and services\",\"publisher\":{\"@id\":\"https:\/\/novexco.com\/en\/#organization\"},\"potentialAction\":[{\"@type\":\"SearchAction\",\"target\":{\"@type\":\"EntryPoint\",\"urlTemplate\":\"https:\/\/novexco.com\/en\/?s={search_term_string}\"},\"query-input\":{\"@type\":\"PropertyValueSpecification\",\"valueRequired\":true,\"valueName\":\"search_term_string\"}}],\"inLanguage\":\"en-US\"},{\"@type\":\"Organization\",\"@id\":\"https:\/\/novexco.com\/en\/#organization\",\"name\":\"Novexco\",\"url\":\"https:\/\/novexco.com\/en\/\",\"logo\":{\"@type\":\"ImageObject\",\"inLanguage\":\"en-US\",\"@id\":\"https:\/\/novexco.com\/en\/#\/schema\/logo\/image\/\",\"url\":\"https:\/\/novexco-stg.thinkenabled.net\/wp-content\/uploads\/2024\/12\/logo-novexco.png\",\"contentUrl\":\"https:\/\/novexco-stg.thinkenabled.net\/wp-content\/uploads\/2024\/12\/logo-novexco.png\",\"width\":582,\"height\":110,\"caption\":\"Novexco\"},\"image\":{\"@id\":\"https:\/\/novexco.com\/en\/#\/schema\/logo\/image\/\"}}]}<\/script>\r\n<!-- \/ Yoast SEO plugin. -->","yoast_head_json":{"title":"Dealer Locator | Novexco.com","description":"Novexco repr\u00e9sente le plus grand distributeur national de fournitures et services pour le bureau de propri\u00e9t\u00e9 canadienne.","robots":{"index":"index","follow":"follow","max-snippet":"max-snippet:-1","max-image-preview":"max-image-preview:large","max-video-preview":"max-video-preview:-1"},"canonical":"https:\/\/novexco.com\/en\/dealer-locator\/","og_locale":"en_US","og_type":"article","og_title":"Dealer Locator | Novexco.com","og_description":"Novexco repr\u00e9sente le plus grand distributeur national de fournitures et services pour le bureau de propri\u00e9t\u00e9 canadienne.","og_url":"https:\/\/novexco.com\/en\/dealer-locator\/","og_site_name":"Novexco.com","article_modified_time":"2026-04-01T16:53:19+00:00","og_image":[{"width":1880,"height":860,"url":"https:\/\/novexco.com\/wp-content\/uploads\/2025\/02\/Home-Hero-Image.jpg","type":"image\/jpeg"}],"twitter_card":"summary_large_image","twitter_misc":{"Est. reading time":"1 minute"},"schema":{"@context":"https:\/\/schema.org","@graph":[{"@type":"WebPage","@id":"https:\/\/novexco.com\/en\/dealer-locator\/","url":"https:\/\/novexco.com\/en\/dealer-locator\/","name":"Dealer Locator | Novexco.com","isPartOf":{"@id":"https:\/\/novexco.com\/en\/#website"},"datePublished":"2026-02-25T19:55:33+00:00","dateModified":"2026-04-01T16:53:19+00:00","description":"Novexco repr\u00e9sente le plus grand distributeur national de fournitures et services pour le bureau de propri\u00e9t\u00e9 canadienne.","breadcrumb":{"@id":"https:\/\/novexco.com\/en\/dealer-locator\/#breadcrumb"},"inLanguage":"en-US","potentialAction":[{"@type":"ReadAction","target":["https:\/\/novexco.com\/en\/dealer-locator\/"]}]},{"@type":"BreadcrumbList","@id":"https:\/\/novexco.com\/en\/dealer-locator\/#breadcrumb","itemListElement":[{"@type":"ListItem","position":1,"name":"Accueil","item":"https:\/\/novexco.com\/en\/"},{"@type":"ListItem","position":2,"name":"Dealer Locator"}]},{"@type":"WebSite","@id":"https:\/\/novexco.com\/en\/#website","url":"https:\/\/novexco.com\/en\/","name":"Novexco.com","description":"Largest Canadian-owned national distributor of office supplies and services","publisher":{"@id":"https:\/\/novexco.com\/en\/#organization"},"potentialAction":[{"@type":"SearchAction","target":{"@type":"EntryPoint","urlTemplate":"https:\/\/novexco.com\/en\/?s={search_term_string}"},"query-input":{"@type":"PropertyValueSpecification","valueRequired":true,"valueName":"search_term_string"}}],"inLanguage":"en-US"},{"@type":"Organization","@id":"https:\/\/novexco.com\/en\/#organization","name":"Novexco","url":"https:\/\/novexco.com\/en\/","logo":{"@type":"ImageObject","inLanguage":"en-US","@id":"https:\/\/novexco.com\/en\/#\/schema\/logo\/image\/","url":"https:\/\/novexco-stg.thinkenabled.net\/wp-content\/uploads\/2024\/12\/logo-novexco.png","contentUrl":"https:\/\/novexco-stg.thinkenabled.net\/wp-content\/uploads\/2024\/12\/logo-novexco.png","width":582,"height":110,"caption":"Novexco"},"image":{"@id":"https:\/\/novexco.com\/en\/#\/schema\/logo\/image\/"}}]}},"_links":{"self":[{"href":"https:\/\/novexco.com\/en\/wp-json\/wp\/v2\/pages\/263150","targetHints":{"allow":["GET"]}}],"collection":[{"href":"https:\/\/novexco.com\/en\/wp-json\/wp\/v2\/pages"}],"about":[{"href":"https:\/\/novexco.com\/en\/wp-json\/wp\/v2\/types\/page"}],"author":[{"embeddable":true,"href":"https:\/\/novexco.com\/en\/wp-json\/wp\/v2\/users\/1"}],"replies":[{"embeddable":true,"href":"https:\/\/novexco.com\/en\/wp-json\/wp\/v2\/comments?post=263150"}],"version-history":[{"count":7,"href":"https:\/\/novexco.com\/en\/wp-json\/wp\/v2\/pages\/263150\/revisions"}],"predecessor-version":[{"id":263194,"href":"https:\/\/novexco.com\/en\/wp-json\/wp\/v2\/pages\/263150\/revisions\/263194"}],"wp:attachment":[{"href":"https:\/\/novexco.com\/en\/wp-json\/wp\/v2\/media?parent=263150"}],"curies":[{"name":"wp","href":"https:\/\/api.w.org\/{rel}","templated":true}]}}