{"id":261448,"date":"2024-11-28T13:07:46","date_gmt":"2024-11-28T18:07:46","guid":{"rendered":"https:\/\/novexco-stg.thinkenabled.net\/?page_id=261448"},"modified":"2025-02-13T08:15:30","modified_gmt":"2025-02-13T13:15:30","slug":"history","status":"publish","type":"page","link":"https:\/\/novexco.com\/en\/history\/","title":{"rendered":"History"},"content":{"rendered":"<p>[et_pb_section fb_built=&#8221;1&#8243; custom_padding_last_edited=&#8221;off|desktop&#8221; disabled_on=&#8221;off|off|off&#8221; admin_label=&#8221;Flexile Hero 98&#8243; _builder_version=&#8221;4.27.3&#8243; background_enable_color=&#8221;off&#8221; background_enable_image=&#8221;off&#8221; custom_margin=&#8221;||||false|false&#8221; custom_margin_tablet=&#8221;||160px||false|false&#8221; custom_margin_phone=&#8221;||100px||false|false&#8221; custom_margin_last_edited=&#8221;on|phone&#8221; custom_padding=&#8221;0px||0px||true|false&#8221; custom_padding_tablet=&#8221;50px||50px||true|false&#8221; custom_padding_phone=&#8221;30px||30px||true|false&#8221; locked=&#8221;off&#8221; global_colors_info=&#8221;{}&#8221;][et_pb_row use_custom_gutter=&#8221;on&#8221; gutter_width=&#8221;1&#8243; custom_padding_last_edited=&#8221;on|phone&#8221; disabled_on=&#8221;off|off|off&#8221; admin_label=&#8221;row&#8221; _builder_version=&#8221;4.27.3&#8243; background_enable_image=&#8221;off&#8221; background_position=&#8221;top_left&#8221; background_repeat=&#8221;repeat&#8221; overflow-x=&#8221;visible&#8221; overflow-y=&#8221;visible&#8221; custom_margin=&#8221;||||false|false&#8221; custom_padding=&#8221;0px||0px||false|false&#8221; custom_padding_tablet=&#8221;0px||0px||true|false&#8221; custom_padding_phone=&#8221;0px||0px||true|false&#8221; border_radii=&#8221;off|10px||10px|&#8221; global_colors_info=&#8221;{}&#8221;][et_pb_column type=&#8221;4_4&#8243; _builder_version=&#8221;4.27.3&#8243; background_enable_color=&#8221;off&#8221; custom_padding=&#8221;||||true|false&#8221; custom_padding_tablet=&#8221;0px||0px||true|false&#8221; custom_padding_phone=&#8221;0px||0px||true|false&#8221; custom_padding_last_edited=&#8221;on|tablet&#8221; global_colors_info=&#8221;{}&#8221; custom_padding__hover=&#8221;|||&#8221;][et_pb_image src=&#8221;https:\/\/novexco-stg.thinkenabled.net\/wp-content\/uploads\/2024\/12\/historique.jpg&#8221; title_text=&#8221;History&#8221; _builder_version=&#8221;4.27.3&#8243; _module_preset=&#8221;default&#8221; global_colors_info=&#8221;{}&#8221;][\/et_pb_image][\/et_pb_column][\/et_pb_row][\/et_pb_section][et_pb_section fb_built=&#8221;1&#8243; _builder_version=&#8221;4.27.3&#8243; _module_preset=&#8221;default&#8221; locked=&#8221;off&#8221; global_colors_info=&#8221;{}&#8221;][et_pb_row _builder_version=&#8221;4.27.3&#8243; _module_preset=&#8221;default&#8221; custom_padding=&#8221;0px||0px||false|false&#8221; global_colors_info=&#8221;{}&#8221;][et_pb_column type=&#8221;4_4&#8243; _builder_version=&#8221;4.27.3&#8243; _module_preset=&#8221;default&#8221; global_colors_info=&#8221;{}&#8221;][et_pb_blurb title=&#8221;OUR HISTORY&#8221; content_max_width=&#8221;900px&#8221; _builder_version=&#8221;4.27.3&#8243; _module_preset=&#8221;default&#8221; header_level=&#8221;h1&#8243; header_font=&#8221;Roboto|600|||||||&#8221; header_text_align=&#8221;center&#8221; header_text_color=&#8221;#1c1d1b&#8221; header_font_size=&#8221;50px&#8221; header_line_height=&#8221;1.5em&#8221; body_font=&#8221;Roboto|300|||||||&#8221; body_text_align=&#8221;center&#8221; body_text_color=&#8221;#9b9b9b&#8221; body_font_size=&#8221;32px&#8221; body_line_height=&#8221;1.2em&#8221; global_colors_info=&#8221;{}&#8221;]<\/p>\n<p>Created in 1996 by two Quebec purchasing groups made up of independent merchants, Novexco is now the largest Canadian-owned distributor of products and services for workplaces.<\/p>\n<p>[\/et_pb_blurb][\/et_pb_column][\/et_pb_row][\/et_pb_section][et_pb_section fb_built=&#8221;1&#8243; admin_label=&#8221;About&#8221; _builder_version=&#8221;4.27.3&#8243; _module_preset=&#8221;default&#8221; custom_padding=&#8221;0px|||||&#8221; global_colors_info=&#8221;{}&#8221;][et_pb_row _builder_version=&#8221;4.27.3&#8243; _module_preset=&#8221;default&#8221; custom_padding=&#8221;0px||||false|false&#8221; global_colors_info=&#8221;{}&#8221;][et_pb_column type=&#8221;4_4&#8243; _builder_version=&#8221;4.27.3&#8243; _module_preset=&#8221;default&#8221; global_colors_info=&#8221;{}&#8221;][tmdivi_timeline timeline_fill_setting=&#8221;on&#8221; icon_background_color=&#8221;#FFFFFF&#8221; story_background_color=&#8221;rgba(209,209,209,0.18)&#8221; story_padding=&#8221;||||false|false&#8221; heading_font_color=&#8221;#9b9b9b&#8221; heading_text_align=&#8221;left&#8221; heading_text_size=&#8221;32px&#8221; heading_custom_padding=&#8221;||0px||false|false&#8221; description_font_color=&#8221;#333333&#8243; description_text_size=&#8221;16px&#8221; description_custom_padding=&#8221;0px||||false|false&#8221; _builder_version=&#8221;4.27.3&#8243; _module_preset=&#8221;default&#8221; heading_settings_font=&#8221;Roboto||||||||&#8221; description_settings_font=&#8221;Roboto||||||||&#8221; hover_enabled=&#8221;0&#8243; border_radii_story_settings=&#8221;on|10px|10px|10px|10px&#8221; border_style_all_story_settings=&#8221;none&#8221; global_colors_info=&#8221;{}&#8221; sticky_enabled=&#8221;0&#8243;][tmdivi_timeline_story show_label=&#8221;off&#8221; story_title=&#8221;1996&#8243; _builder_version=&#8221;4.27.3&#8243; global_colors_info=&#8221;{}&#8221;]<\/p>\n<p>Foundation of Novexco.<\/p>\n<p>[\/tmdivi_timeline_story][tmdivi_timeline_story story_title=&#8221;2000&#8243; _builder_version=&#8221;4.27.3&#8243; global_colors_info=&#8221;{}&#8221;]<\/p>\n<p>The three banners are merged to create BuroPLUS\u00ae.<\/p>\n<p>[\/tmdivi_timeline_story][tmdivi_timeline_story story_title=&#8221;2008&#8243; _builder_version=&#8221;4.27.3&#8243; global_colors_info=&#8221;{}&#8221;]<\/p>\n<p>Acquisition of the resale division of Corporate Express, including the Club Express \u00ae banner.<\/p>\n<p>[\/tmdivi_timeline_story][tmdivi_timeline_story story_title=&#8221;2011&#8243; _builder_version=&#8221;4.27.3&#8243; _module_preset=&#8221;default&#8221; global_colors_info=&#8221;{}&#8221;]<\/p>\n<p>Novexco builds new headquarters and distribution center in Laval QC.<\/p>\n<p>[\/tmdivi_timeline_story][tmdivi_timeline_story story_title=&#8221;2014&#8243; _builder_version=&#8221;4.27.3&#8243; _module_preset=&#8221;default&#8221; global_colors_info=&#8221;{}&#8221;]<\/p>\n<p>Novexco acquires Lyreco Canada, the largest acquisition in its history.<\/p>\n<p>[\/tmdivi_timeline_story][tmdivi_timeline_story story_title=&#8221;2016-2017&#8243; _builder_version=&#8221;4.27.3&#8243; _module_preset=&#8221;default&#8221; global_colors_info=&#8221;{}&#8221;]<\/p>\n<p><span>Novexco acquires in quick succession Rubanco, one of its member dealers, Chestwood, a distributor located in the Toronto area as well as Crites &amp; Riddell, a century-old company in the Montreal area. Two new distribution centres are added by these acquisitions.<\/span><\/p>\n<p>[\/tmdivi_timeline_story][tmdivi_timeline_story story_title=&#8221;2018&#8243; _builder_version=&#8221;4.27.3&#8243; _module_preset=&#8221;default&#8221; global_colors_info=&#8221;{}&#8221;]<\/p>\n<p><span>All sales divisions adopt a new commercial identity: Hamster\u2122. Only the wholesale division operates independently.<\/span><\/p>\n<p>[\/tmdivi_timeline_story][tmdivi_timeline_story story_title=&#8221;2020&#8243; _builder_version=&#8221;4.27.3&#8243; _module_preset=&#8221;default&#8221; global_colors_info=&#8221;{}&#8221;]<\/p>\n<p><span>Acquisition of SP Richards Canada.<\/span><\/p>\n<p>[\/tmdivi_timeline_story][\/tmdivi_timeline][\/et_pb_column][\/et_pb_row][\/et_pb_section]<\/p>\n","protected":false},"excerpt":{"rendered":"<p>Created in 1996 by two Quebec purchasing groups made up of independent merchants, Novexco is now the largest Canadian-owned distributor of products and services for workplaces.<div class=\"et_pb_with_border et_pb_module tmdivi_timeline tmdivi_timeline_0\">\n\t\t\t\t\n\t\t\t\t\n\t\t\t\t\n\t\t\t\t\n\t\t\t\t\n\t\t\t\t\n\t\t\t\t<div class=\"et_pb_module_inner\">\n\t\t\t\t\t\n\t\t\t\t<\/div>\n\t\t\t<\/div><div class=\"et_pb_module tmdivi_timeline_story tmdivi_timeline_story_0\">\n\t\t\t\t\n\t\t\t\t\n\t\t\t\t\n\t\t\t\t\n\t\t\t\t\n\t\t\t\t\n\t\t\t\t<div class=\"et_pb_module_inner\">\n\t\t\t\t\t<div class=\"tmdivi-story tmdivi-story-icon tmdivi-story-right\">\n                        <div class=\"tmdivi-labels\"><\/div><div class=\"tmdivi-icondot\"><\/div>\n                        <div class=\"tmdivi-arrow\"><\/div>\n                            <div class=\"tmdivi-content\">\n                                <div class=\"tmdivi-title\">1996<\/div><div class=\"tmdivi-description\">Foundation of Novexco.<\/div>\n                            <\/div>\n                    <\/div>\n\t\t\t\t<\/div>\n\t\t\t<\/div><div class=\"et_pb_module tmdivi_timeline_story tmdivi_timeline_story_1\">\n\t\t\t\t\n\t\t\t\t\n\t\t\t\t\n\t\t\t\t\n\t\t\t\t\n\t\t\t\t\n\t\t\t\t<div class=\"et_pb_module_inner\">\n\t\t\t\t\t<div class=\"tmdivi-story tmdivi-story-icon tmdivi-story-left\">\n                        <div class=\"tmdivi-labels\"><\/div><div class=\"tmdivi-icondot\"><\/div>\n                        <div class=\"tmdivi-arrow\"><\/div>\n                            <div class=\"tmdivi-content\">\n                                <div class=\"tmdivi-title\">2000<\/div>\n                            <\/div>\n                    <\/div>\n\t\t\t\t<\/div>\n\t\t\t<\/div>The [&hellip;]<\/p>\n","protected":false},"author":2,"featured_media":0,"parent":0,"menu_order":0,"comment_status":"closed","ping_status":"closed","template":"","meta":{"_et_pb_use_builder":"on","_et_pb_old_content":"","_et_gb_content_width":"","footnotes":""},"class_list":["post-261448","page","type-page","status-publish","hentry"],"yoast_head":"<!-- This site is optimized with the Yoast SEO plugin v27.3 - https:\/\/yoast.com\/product\/yoast-seo-wordpress\/ -->\r\n<title>History | Novexco.com<\/title>\r\n<meta name=\"description\" content=\"Novexco repr\u00e9sente le plus grand distributeur national de fournitures et services pour le bureau de propri\u00e9t\u00e9 canadienne.\" \/>\r\n<meta name=\"robots\" content=\"index, follow, max-snippet:-1, max-image-preview:large, max-video-preview:-1\" \/>\r\n<link rel=\"canonical\" href=\"https:\/\/novexco.com\/en\/history\/\" \/>\r\n<meta property=\"og:locale\" content=\"en_US\" \/>\r\n<meta property=\"og:type\" content=\"article\" \/>\r\n<meta property=\"og:title\" content=\"History | Novexco.com\" \/>\r\n<meta property=\"og:description\" content=\"Novexco repr\u00e9sente le plus grand distributeur national de fournitures et services pour le bureau de propri\u00e9t\u00e9 canadienne.\" \/>\r\n<meta property=\"og:url\" content=\"https:\/\/novexco.com\/en\/history\/\" \/>\r\n<meta property=\"og:site_name\" content=\"Novexco.com\" \/>\r\n<meta property=\"article:modified_time\" content=\"2025-02-13T13:15:30+00:00\" \/>\r\n<meta property=\"og:image\" content=\"https:\/\/novexco.com\/wp-content\/uploads\/2025\/02\/Home-Hero-Image.jpg\" \/>\r\n\t<meta property=\"og:image:width\" content=\"1880\" \/>\r\n\t<meta property=\"og:image:height\" content=\"860\" \/>\r\n\t<meta property=\"og:image:type\" content=\"image\/jpeg\" \/>\r\n<meta name=\"twitter:card\" content=\"summary_large_image\" \/>\r\n<meta name=\"twitter:label1\" content=\"Est. reading time\" \/>\n\t<meta name=\"twitter:data1\" content=\"4 minutes\" \/>\r\n<script type=\"application\/ld+json\" class=\"yoast-schema-graph\">{\"@context\":\"https:\\\/\\\/schema.org\",\"@graph\":[{\"@type\":\"WebPage\",\"@id\":\"https:\\\/\\\/novexco.com\\\/en\\\/history\\\/\",\"url\":\"https:\\\/\\\/novexco.com\\\/en\\\/history\\\/\",\"name\":\"History | Novexco.com\",\"isPartOf\":{\"@id\":\"https:\\\/\\\/novexco.com\\\/en\\\/#website\"},\"datePublished\":\"2024-11-28T18:07:46+00:00\",\"dateModified\":\"2025-02-13T13:15:30+00:00\",\"description\":\"Novexco repr\u00e9sente le plus grand distributeur national de fournitures et services pour le bureau de propri\u00e9t\u00e9 canadienne.\",\"breadcrumb\":{\"@id\":\"https:\\\/\\\/novexco.com\\\/en\\\/history\\\/#breadcrumb\"},\"inLanguage\":\"en-US\",\"potentialAction\":[{\"@type\":\"ReadAction\",\"target\":[\"https:\\\/\\\/novexco.com\\\/en\\\/history\\\/\"]}]},{\"@type\":\"BreadcrumbList\",\"@id\":\"https:\\\/\\\/novexco.com\\\/en\\\/history\\\/#breadcrumb\",\"itemListElement\":[{\"@type\":\"ListItem\",\"position\":1,\"name\":\"Accueil\",\"item\":\"https:\\\/\\\/novexco.com\\\/en\\\/\"},{\"@type\":\"ListItem\",\"position\":2,\"name\":\"History\"}]},{\"@type\":\"WebSite\",\"@id\":\"https:\\\/\\\/novexco.com\\\/en\\\/#website\",\"url\":\"https:\\\/\\\/novexco.com\\\/en\\\/\",\"name\":\"Novexco.com\",\"description\":\"Largest Canadian-owned national distributor of office supplies and services\",\"publisher\":{\"@id\":\"https:\\\/\\\/novexco.com\\\/en\\\/#organization\"},\"potentialAction\":[{\"@type\":\"SearchAction\",\"target\":{\"@type\":\"EntryPoint\",\"urlTemplate\":\"https:\\\/\\\/novexco.com\\\/en\\\/?s={search_term_string}\"},\"query-input\":{\"@type\":\"PropertyValueSpecification\",\"valueRequired\":true,\"valueName\":\"search_term_string\"}}],\"inLanguage\":\"en-US\"},{\"@type\":\"Organization\",\"@id\":\"https:\\\/\\\/novexco.com\\\/en\\\/#organization\",\"name\":\"Novexco\",\"url\":\"https:\\\/\\\/novexco.com\\\/en\\\/\",\"logo\":{\"@type\":\"ImageObject\",\"inLanguage\":\"en-US\",\"@id\":\"https:\\\/\\\/novexco.com\\\/en\\\/#\\\/schema\\\/logo\\\/image\\\/\",\"url\":\"https:\\\/\\\/novexco-stg.thinkenabled.net\\\/wp-content\\\/uploads\\\/2024\\\/12\\\/logo-novexco.png\",\"contentUrl\":\"https:\\\/\\\/novexco-stg.thinkenabled.net\\\/wp-content\\\/uploads\\\/2024\\\/12\\\/logo-novexco.png\",\"width\":582,\"height\":110,\"caption\":\"Novexco\"},\"image\":{\"@id\":\"https:\\\/\\\/novexco.com\\\/en\\\/#\\\/schema\\\/logo\\\/image\\\/\"}}]}<\/script>\r\n<!-- \/ Yoast SEO plugin. -->","yoast_head_json":{"title":"History | Novexco.com","description":"Novexco repr\u00e9sente le plus grand distributeur national de fournitures et services pour le bureau de propri\u00e9t\u00e9 canadienne.","robots":{"index":"index","follow":"follow","max-snippet":"max-snippet:-1","max-image-preview":"max-image-preview:large","max-video-preview":"max-video-preview:-1"},"canonical":"https:\/\/novexco.com\/en\/history\/","og_locale":"en_US","og_type":"article","og_title":"History | Novexco.com","og_description":"Novexco repr\u00e9sente le plus grand distributeur national de fournitures et services pour le bureau de propri\u00e9t\u00e9 canadienne.","og_url":"https:\/\/novexco.com\/en\/history\/","og_site_name":"Novexco.com","article_modified_time":"2025-02-13T13:15:30+00:00","og_image":[{"width":1880,"height":860,"url":"https:\/\/novexco.com\/wp-content\/uploads\/2025\/02\/Home-Hero-Image.jpg","type":"image\/jpeg"}],"twitter_card":"summary_large_image","twitter_misc":{"Est. reading time":"4 minutes"},"schema":{"@context":"https:\/\/schema.org","@graph":[{"@type":"WebPage","@id":"https:\/\/novexco.com\/en\/history\/","url":"https:\/\/novexco.com\/en\/history\/","name":"History | Novexco.com","isPartOf":{"@id":"https:\/\/novexco.com\/en\/#website"},"datePublished":"2024-11-28T18:07:46+00:00","dateModified":"2025-02-13T13:15:30+00:00","description":"Novexco repr\u00e9sente le plus grand distributeur national de fournitures et services pour le bureau de propri\u00e9t\u00e9 canadienne.","breadcrumb":{"@id":"https:\/\/novexco.com\/en\/history\/#breadcrumb"},"inLanguage":"en-US","potentialAction":[{"@type":"ReadAction","target":["https:\/\/novexco.com\/en\/history\/"]}]},{"@type":"BreadcrumbList","@id":"https:\/\/novexco.com\/en\/history\/#breadcrumb","itemListElement":[{"@type":"ListItem","position":1,"name":"Accueil","item":"https:\/\/novexco.com\/en\/"},{"@type":"ListItem","position":2,"name":"History"}]},{"@type":"WebSite","@id":"https:\/\/novexco.com\/en\/#website","url":"https:\/\/novexco.com\/en\/","name":"Novexco.com","description":"Largest Canadian-owned national distributor of office supplies and services","publisher":{"@id":"https:\/\/novexco.com\/en\/#organization"},"potentialAction":[{"@type":"SearchAction","target":{"@type":"EntryPoint","urlTemplate":"https:\/\/novexco.com\/en\/?s={search_term_string}"},"query-input":{"@type":"PropertyValueSpecification","valueRequired":true,"valueName":"search_term_string"}}],"inLanguage":"en-US"},{"@type":"Organization","@id":"https:\/\/novexco.com\/en\/#organization","name":"Novexco","url":"https:\/\/novexco.com\/en\/","logo":{"@type":"ImageObject","inLanguage":"en-US","@id":"https:\/\/novexco.com\/en\/#\/schema\/logo\/image\/","url":"https:\/\/novexco-stg.thinkenabled.net\/wp-content\/uploads\/2024\/12\/logo-novexco.png","contentUrl":"https:\/\/novexco-stg.thinkenabled.net\/wp-content\/uploads\/2024\/12\/logo-novexco.png","width":582,"height":110,"caption":"Novexco"},"image":{"@id":"https:\/\/novexco.com\/en\/#\/schema\/logo\/image\/"}}]}},"_links":{"self":[{"href":"https:\/\/novexco.com\/en\/wp-json\/wp\/v2\/pages\/261448","targetHints":{"allow":["GET"]}}],"collection":[{"href":"https:\/\/novexco.com\/en\/wp-json\/wp\/v2\/pages"}],"about":[{"href":"https:\/\/novexco.com\/en\/wp-json\/wp\/v2\/types\/page"}],"author":[{"embeddable":true,"href":"https:\/\/novexco.com\/en\/wp-json\/wp\/v2\/users\/2"}],"replies":[{"embeddable":true,"href":"https:\/\/novexco.com\/en\/wp-json\/wp\/v2\/comments?post=261448"}],"version-history":[{"count":50,"href":"https:\/\/novexco.com\/en\/wp-json\/wp\/v2\/pages\/261448\/revisions"}],"predecessor-version":[{"id":262643,"href":"https:\/\/novexco.com\/en\/wp-json\/wp\/v2\/pages\/261448\/revisions\/262643"}],"wp:attachment":[{"href":"https:\/\/novexco.com\/en\/wp-json\/wp\/v2\/media?parent=261448"}],"curies":[{"name":"wp","href":"https:\/\/api.w.org\/{rel}","templated":true}]}}